{"id":9416,"date":"2022-06-14T13:36:46","date_gmt":"2022-06-14T12:36:46","guid":{"rendered":"https:\/\/www.univ-eloued.dz\/?page_id=9416"},"modified":"2024-02-29T14:29:03","modified_gmt":"2024-02-29T13:29:03","slug":"inabm","status":"publish","type":"page","link":"https:\/\/www.univ-eloued.dz\/fr\/inabm\/","title":{"rendered":"Interventions sur la nouvelle approche de la gestion budg\u00e9taire"},"content":{"rendered":"<div data-elementor-type=\"wp-page\" data-elementor-id=\"9416\" class=\"elementor elementor-9416\" data-elementor-post-type=\"page\">\n\t\t\t\t\t\t<section class=\"elementor-section elementor-top-section elementor-element elementor-element-16685d5a elementor-section-boxed elementor-section-height-default elementor-section-height-default exad-glass-effect-no exad-sticky-section-no\" data-id=\"16685d5a\" data-element_type=\"section\" data-settings=\"{&quot;ekit_has_onepagescroll_dot&quot;:&quot;yes&quot;}\">\n\t\t\t\t\t\t<div class=\"elementor-container elementor-column-gap-default\">\n\t\t\t\t\t<div class=\"elementor-column elementor-col-100 elementor-top-column elementor-element elementor-element-5def88a1 exad-glass-effect-no exad-sticky-section-no\" data-id=\"5def88a1\" data-element_type=\"column\">\n\t\t\t<div class=\"elementor-widget-wrap elementor-element-populated\">\n\t\t\t\t\t\t<div class=\"elementor-element elementor-element-cd38643 exad-sticky-section-no exad-glass-effect-no elementor-widget elementor-widget-text-editor\" data-id=\"cd38643\" data-element_type=\"widget\" data-settings=\"{&quot;ekit_we_effect_on&quot;:&quot;none&quot;}\" data-widget_type=\"text-editor.default\">\n\t\t\t\t<div class=\"elementor-widget-container\">\n\t\t\t\t\t\t\t\t\t<p style=\"text-align: center;\"><span style=\"color: #ff0000;\"><strong>Interventions sur la nouvelle approche de la gestion budg\u00e9taire<\/strong><\/span><\/p>\t\t\t\t\t\t\t\t<\/div>\n\t\t\t\t<\/div>\n\t\t\t\t\t<\/div>\n\t\t<\/div>\n\t\t\t\t\t<\/div>\n\t\t<\/section>\n\t\t\t\t<section class=\"elementor-section elementor-top-section elementor-element elementor-element-ce3c303 elementor-section-full_width elementor-section-height-default elementor-section-height-default exad-glass-effect-no exad-sticky-section-no\" data-id=\"ce3c303\" data-element_type=\"section\" data-settings=\"{&quot;ekit_has_onepagescroll_dot&quot;:&quot;yes&quot;}\">\n\t\t\t\t\t\t<div class=\"elementor-container elementor-column-gap-default\">\n\t\t\t\t\t<div class=\"elementor-column elementor-col-20 elementor-top-column elementor-element elementor-element-cdca3e6 exad-glass-effect-no exad-sticky-section-no\" data-id=\"cdca3e6\" data-element_type=\"column\">\n\t\t\t<div class=\"elementor-widget-wrap\">\n\t\t\t\t\t\t\t<\/div>\n\t\t<\/div>\n\t\t\t\t<div class=\"elementor-column elementor-col-20 elementor-top-column elementor-element elementor-element-b97f8b7 exad-glass-effect-no exad-sticky-section-no\" data-id=\"b97f8b7\" data-element_type=\"column\">\n\t\t\t<div class=\"elementor-widget-wrap\">\n\t\t\t\t\t\t\t<\/div>\n\t\t<\/div>\n\t\t\t\t<div class=\"elementor-column elementor-col-20 elementor-top-column elementor-element elementor-element-57f2404 exad-glass-effect-no exad-sticky-section-no\" data-id=\"57f2404\" data-element_type=\"column\">\n\t\t\t<div class=\"elementor-widget-wrap\">\n\t\t\t\t\t\t\t<\/div>\n\t\t<\/div>\n\t\t\t\t<div class=\"elementor-column elementor-col-20 elementor-top-column elementor-element elementor-element-9b93fad exad-glass-effect-no exad-sticky-section-no\" data-id=\"9b93fad\" data-element_type=\"column\">\n\t\t\t<div class=\"elementor-widget-wrap\">\n\t\t\t\t\t\t\t<\/div>\n\t\t<\/div>\n\t\t\t\t<div class=\"elementor-column elementor-col-20 elementor-top-column elementor-element elementor-element-aef8c1c exad-glass-effect-no exad-sticky-section-no\" data-id=\"aef8c1c\" data-element_type=\"column\">\n\t\t\t<div class=\"elementor-widget-wrap\">\n\t\t\t\t\t\t\t<\/div>\n\t\t<\/div>\n\t\t\t\t\t<\/div>\n\t\t<\/section>\n\t\t\t\t<section class=\"elementor-section elementor-top-section elementor-element elementor-element-0f8b3d7 elementor-section-full_width elementor-section-height-default elementor-section-height-default exad-glass-effect-no exad-sticky-section-no\" data-id=\"0f8b3d7\" data-element_type=\"section\" data-settings=\"{&quot;ekit_has_onepagescroll_dot&quot;:&quot;yes&quot;}\">\n\t\t\t\t\t\t<div class=\"elementor-container elementor-column-gap-default\">\n\t\t\t\t\t<div class=\"elementor-column elementor-col-33 elementor-top-column elementor-element elementor-element-6051e66 exad-glass-effect-no exad-sticky-section-no\" data-id=\"6051e66\" data-element_type=\"column\">\n\t\t\t<div class=\"elementor-widget-wrap\">\n\t\t\t\t\t\t\t<\/div>\n\t\t<\/div>\n\t\t\t\t<div class=\"elementor-column elementor-col-33 elementor-top-column elementor-element elementor-element-2594beb exad-glass-effect-no exad-sticky-section-no\" data-id=\"2594beb\" data-element_type=\"column\">\n\t\t\t<div class=\"elementor-widget-wrap elementor-element-populated\">\n\t\t\t\t\t\t<div class=\"elementor-element elementor-element-9af4225 exad-sticky-section-no exad-glass-effect-no elementor-widget elementor-widget-text-editor\" data-id=\"9af4225\" data-element_type=\"widget\" data-settings=\"{&quot;ekit_we_effect_on&quot;:&quot;none&quot;}\" data-widget_type=\"text-editor.default\">\n\t\t\t\t<div class=\"elementor-widget-container\">\n\t\t\t\t\t\t\t\t\t<p style=\"text-align: center;\"><a href=\"https:\/\/www.univ-eloued.dz\/wp-content\/uploads\/PDF\/inabm\/1-\u0644\u0642\u0627\u0646\u0648\u0646-\u0627\u0644\u0639\u0636\u0648\u064a-\u0648-\u0646\u0635\u0648\u0635\u0647-\u0627\u0644\u062a\u0637\u0628\u064a\u0642\u064a\u0629-\u062d\u0648\u0644-\u0625\u0635\u0644\u0627\u062d-\u0627\u0644\u0645\u064a\u0632\u0627\u0646\u064a\u0629.pdf\"><span style=\"color: #008000;\"><strong>Loi organique et ses textes appliqu\u00e9s sur la r\u00e9forme budg\u00e9taire<\/strong><\/span><\/a><\/p><p style=\"text-align: center;\"><a href=\"https:\/\/www.univ-eloued.dz\/wp-content\/uploads\/PDF\/inabm\/5-\u0645\u062d\u0636\u0631-\u0627\u062c\u062a\u0645\u0627\u0639-\u0644\u062c\u0646\u0629-\u0627\u0644\u0645\u064a\u0632\u0627\u0646\u064a\u0629-\u0644\u0648\u0632\u0627\u0631\u0629-\u0627\u0644\u062a\u0639\u0644\u064a\u0645-\u0627\u0644\u0639\u0627\u0644\u064a-\u0648-\u0627\u0644\u0628\u062d\u062b-\u0627\u0644\u0639\u0644\u0645\u064a-\u0628\u0631\u0626\u0627\u0633\u0629\u0627\u0644\u0633\u064a\u062f-\u0627\u0644\u0623\u0645\u064a\u0646-\u0627\u0644\u0639\u0627\u0645.pdf\"><span style=\"color: #008000;\"><strong>Proc\u00e8s-verbal de la r\u00e9union du Comit\u00e9 budg\u00e9taire du minist\u00e8re de l&#039;Enseignement sup\u00e9rieur et de la Recherche scientifique, pr\u00e9sid\u00e9 par le Secr\u00e9taire g\u00e9n\u00e9ral<\/strong><\/span><\/a><\/p><p style=\"text-align: center;\"><a href=\"https:\/\/www.univ-eloued.dz\/wp-content\/uploads\/PDF\/inabm\/9-Calendrier-propose-Rencontres-Bilaterales-5-Ministeres-PilotesFevrier-Mars.pdf\"><span style=\"color: #008000;\"><strong>\u00a0Annonce du calendrier \u2013 Rencontres Bilat\u00e9rales 5 Minist\u00e8res Pilotes (F\u00e9vrier-Mars)<\/strong><\/span><\/a><\/p><p style=\"text-align: center;\"><a href=\"https:\/\/www.univ-eloued.dz\/wp-content\/uploads\/PDF\/inabm\/10-Listes-des-participants-du-MESRS-aux-rencontres-bilaterales.pdf\"><span style=\"color: #008000;\"><strong>Listes des participants du MESRS aux rencontres bilat\u00e9rales<\/strong><\/span><\/a><\/p><p style=\"text-align: center;\"><a href=\"https:\/\/www.univ-eloued.dz\/wp-content\/uploads\/PDF\/inabm\/13-la-preparation-dun-budget-executable-en-mode-programme.pdf\"><span style=\"color: #008000;\"><strong>La pr\u00e9paration d\u2019un budget ex\u00e9cutif en mode programme<\/strong><\/span><\/a><\/p><p style=\"text-align: center;\"><a href=\"https:\/\/www.univ-eloued.dz\/wp-content\/uploads\/PDF\/inabm\/14-Developper-un-Budget-Executable-en-Mode-Programme2022.pdf\"><span style=\"color: #008000;\"><strong>\u00c9laborer un budget ex\u00e9cutable en mode programme 2022<\/strong><\/span><\/a><\/p><p style=\"text-align: center;\"><span style=\"color: #008000;\"><a style=\"color: #008000;\" href=\"https:\/\/www.univ-eloued.dz\/wp-content\/uploads\/PDF\/inabm\/\u0627\u0644\u0645\u0641\u062a\u0634-\u0627\u0644\u0639\u0627\u0645-\u0644\u0648\u0632\u0627\u0631\u0629-\u0627\u0644\u062a\u0639\u0644\u064a\u0645-\u0627\u0644\u0639\u0627\u0644\u064a-\u0648-\u0627\u0644\u0628\u062d\u062b-\u0627\u0644\u0639\u0644\u0645\u064a-\u064a\u0634\u0631\u0641-\u0639\u0644\u0649-\u0627\u0646\u0639\u0642\u0627\u062f-\u064a\u0648\u0645-\u062f\u0631\u0627\u0633\u064a-\u062a\u0643\u0648\u064a\u0646\u064a-\u062d\u0648\u0644-\u0627\u0644\u0625\u0635\u0644\u0627\u062d-\u0627\u0644\u0645\u0648\u0627\u0632\u0646\u0627\u062a\u064a-\u0628\u062c\u0627\u0645\u0639\u0629-\u0633\u0637\u064a\u0641-1-\u06411.pdf\"><strong>L&#039;Inspecteur G\u00e9n\u00e9ral du Minist\u00e8re de l&#039;Enseignement Sup\u00e9rieur et de la Recherche Scientifique encadre une journ\u00e9e de formation sur la r\u00e9forme budg\u00e9taire \u00e0 l&#039;Universit\u00e9 de S\u00e9tif 1\u00a0<\/strong><\/a><\/span><\/p>\t\t\t\t\t\t\t\t<\/div>\n\t\t\t\t<\/div>\n\t\t\t\t\t<\/div>\n\t\t<\/div>\n\t\t\t\t<div class=\"elementor-column elementor-col-33 elementor-top-column elementor-element elementor-element-19bc8ff exad-glass-effect-no exad-sticky-section-no\" data-id=\"19bc8ff\" data-element_type=\"column\">\n\t\t\t<div class=\"elementor-widget-wrap\">\n\t\t\t\t\t\t\t<\/div>\n\t\t<\/div>\n\t\t\t\t\t<\/div>\n\t\t<\/section>\n\t\t\t\t<\/div>","protected":false},"excerpt":{"rendered":"<p>\u0627\u0644\u0645\u062f\u0627\u062e\u0644\u0627\u062a \u062d\u0648\u0644 \u0627\u0644\u0645\u0642\u0627\u0631\u0628\u0629 \u0627\u0644\u062c\u062f\u064a\u062f\u0629 \u0644\u062a\u0633\u064a\u064a\u0631 \u0627\u0644\u0645\u064a\u0632\u0627\u0646\u064a\u0629 \u0627\u0644\u0642\u0627\u0646\u0648\u0646 \u0627\u0644\u0639\u0636\u0648\u064a \u0648 \u0646\u0635\u0648\u0635\u0647 \u0627\u0644\u062a\u0637\u0628\u064a\u0642\u064a\u0629 \u062d\u0648\u0644 \u0625\u0635\u0644\u0627\u062d \u0627\u0644\u0645\u064a\u0632\u0627\u0646\u064a\u0629 \u0645\u062d\u0636\u0631 \u0627\u062c\u062a\u0645\u0627\u0639 \u0644\u062c\u0646\u0629 \u0627\u0644\u0645\u064a\u0632\u0627\u0646\u064a\u0629 \u0644\u0648\u0632\u0627\u0631\u0629 \u0627\u0644\u062a\u0639\u0644\u064a\u0645 \u0627\u0644\u0639\u0627\u0644\u064a \u0648 \u0627\u0644\u0628\u062d\u062b \u0627\u0644\u0639\u0644\u0645\u064a \u0628\u0631\u0626\u0627\u0633\u0629\u0627\u0644\u0633\u064a\u062f \u0627\u0644\u0623\u0645\u064a\u0646 \u0627\u0644\u0639\u0627\u0645 \u00a0Calendrier propos\u00e9 &#8211; Rencontres Bilat\u00e9rales 5 Minist\u00e8res Pilotes(F\u00e9vrier-Mars) Listes des participants du MESRS aux rencontres bilat\u00e9rales la pr\u00e9paration d\u2019un budget ex\u00e9cutable en mode programme D\u00e9velopper un Budget Ex\u00e9cutable en Mode Programme2022 \u0627\u0644\u0645\u0641\u062a\u0634 \u0627\u0644\u0639\u0627\u0645 \u0644\u0648\u0632\u0627\u0631\u0629 \u0627\u0644\u062a\u0639\u0644\u064a\u0645 \u0627\u0644\u0639\u0627\u0644\u064a \u0648 \u0627\u0644\u0628\u062d\u062b \u0627\u0644\u0639\u0644\u0645\u064a \u064a\u0634\u0631\u0641 \u0639\u0644\u0649 \u0627\u0646\u0639\u0642\u0627\u062f \u064a\u0648\u0645 \u062f\u0631\u0627\u0633\u064a \u062a\u0643\u0648\u064a\u0646\u064a \u062d\u0648\u0644 \u0627\u0644\u0625\u0635\u0644\u0627\u062d \u0627\u0644\u0645\u0648\u0627\u0632\u0646\u0627\u062a\u064a \u0628\u062c\u0627\u0645\u0639\u0629 \u0633\u0637\u064a\u0641 1\u00a0<\/p>","protected":false},"author":1,"featured_media":0,"parent":0,"menu_order":46,"comment_status":"closed","ping_status":"closed","template":"elementor_header_footer","meta":{"footnotes":""},"class_list":["post-9416","page","type-page","status-publish","hentry"],"rttpg_featured_image_url":null,"rttpg_author":{"display_name":"Fai\u00e7al HIMA","author_link":"https:\/\/www.univ-eloued.dz\/fr\/author\/faical\/"},"rttpg_comment":0,"rttpg_category":null,"rttpg_excerpt":"\u0627\u0644\u0645\u062f\u0627\u062e\u0644\u0627\u062a \u062d\u0648\u0644 \u0627\u0644\u0645\u0642\u0627\u0631\u0628\u0629 \u0627\u0644\u062c\u062f\u064a\u062f\u0629 \u0644\u062a\u0633\u064a\u064a\u0631 \u0627\u0644\u0645\u064a\u0632\u0627\u0646\u064a\u0629 \u0627\u0644\u0642\u0627\u0646\u0648\u0646 \u0627\u0644\u0639\u0636\u0648\u064a \u0648 \u0646\u0635\u0648\u0635\u0647 \u0627\u0644\u062a\u0637\u0628\u064a\u0642\u064a\u0629 \u062d\u0648\u0644 \u0625\u0635\u0644\u0627\u062d \u0627\u0644\u0645\u064a\u0632\u0627\u0646\u064a\u0629 \u0645\u062d\u0636\u0631 \u0627\u062c\u062a\u0645\u0627\u0639 \u0644\u062c\u0646\u0629 \u0627\u0644\u0645\u064a\u0632\u0627\u0646\u064a\u0629 \u0644\u0648\u0632\u0627\u0631\u0629 \u0627\u0644\u062a\u0639\u0644\u064a\u0645 \u0627\u0644\u0639\u0627\u0644\u064a \u0648 \u0627\u0644\u0628\u062d\u062b \u0627\u0644\u0639\u0644\u0645\u064a \u0628\u0631\u0626\u0627\u0633\u0629\u0627\u0644\u0633\u064a\u062f \u0627\u0644\u0623\u0645\u064a\u0646 \u0627\u0644\u0639\u0627\u0645 \u00a0Calendrier propos\u00e9 &#8211; Rencontres Bilat\u00e9rales 5 Minist\u00e8res Pilotes(F\u00e9vrier-Mars) Listes des participants du MESRS aux rencontres bilat\u00e9rales la pr\u00e9paration d\u2019un budget ex\u00e9cutable en mode programme D\u00e9velopper un Budget Ex\u00e9cutable\u2026","_links":{"self":[{"href":"https:\/\/www.univ-eloued.dz\/fr\/wp-json\/wp\/v2\/pages\/9416","targetHints":{"allow":["GET"]}}],"collection":[{"href":"https:\/\/www.univ-eloued.dz\/fr\/wp-json\/wp\/v2\/pages"}],"about":[{"href":"https:\/\/www.univ-eloued.dz\/fr\/wp-json\/wp\/v2\/types\/page"}],"author":[{"embeddable":true,"href":"https:\/\/www.univ-eloued.dz\/fr\/wp-json\/wp\/v2\/users\/1"}],"replies":[{"embeddable":true,"href":"https:\/\/www.univ-eloued.dz\/fr\/wp-json\/wp\/v2\/comments?post=9416"}],"version-history":[{"count":0,"href":"https:\/\/www.univ-eloued.dz\/fr\/wp-json\/wp\/v2\/pages\/9416\/revisions"}],"wp:attachment":[{"href":"https:\/\/www.univ-eloued.dz\/fr\/wp-json\/wp\/v2\/media?parent=9416"}],"curies":[{"name":"wp","href":"https:\/\/api.w.org\/{rel}","templated":true}]}}