{"id":40540,"date":"2024-11-26T11:00:14","date_gmt":"2024-11-26T10:00:14","guid":{"rendered":"https:\/\/www.univ-eloued.dz\/?page_id=40540"},"modified":"2024-11-26T11:41:43","modified_gmt":"2024-11-26T10:41:43","slug":"university-services","status":"publish","type":"page","link":"https:\/\/www.univ-eloued.dz\/fr\/services-universitaires\/","title":{"rendered":"\u0152uvres Universitaires"},"content":{"rendered":"<div data-elementor-type=\"wp-page\" data-elementor-id=\"40540\" class=\"elementor elementor-40540\" data-elementor-post-type=\"page\">\n\t\t\t\t<div class=\"elementor-element elementor-element-2ab5494 e-flex e-con-boxed e-con e-parent\" data-id=\"2ab5494\" data-element_type=\"container\" data-settings=\"{&quot;ekit_has_onepagescroll_dot&quot;:&quot;yes&quot;}\">\n\t\t\t\t\t<div class=\"e-con-inner\">\n\t\t\t\t<div class=\"elementor-element elementor-element-5972d24 exad-sticky-section-no exad-glass-effect-no elementor-widget elementor-widget-text-editor\" data-id=\"5972d24\" data-element_type=\"widget\" data-settings=\"{&quot;ekit_we_effect_on&quot;:&quot;none&quot;}\" data-widget_type=\"text-editor.default\">\n\t\t\t\t<div class=\"elementor-widget-container\">\n\t\t\t\t\t\t\t\t\t<h1 style=\"text-align: center;\"><span style=\"color: #376254;\"><strong>\u0152uvres Universitaires<\/strong><\/span><\/h1>\t\t\t\t\t\t\t\t<\/div>\n\t\t\t\t<\/div>\n\t\t\t\t\t<\/div>\n\t\t\t\t<\/div>\n\t\t<div class=\"elementor-element elementor-element-aa3b85d e-flex e-con-boxed e-con e-parent\" data-id=\"aa3b85d\" data-element_type=\"container\" data-settings=\"{&quot;ekit_has_onepagescroll_dot&quot;:&quot;yes&quot;}\">\n\t\t\t\t\t<div class=\"e-con-inner\">\n\t\t<div class=\"elementor-element elementor-element-6748039 e-con-full e-flex e-con e-child\" data-id=\"6748039\" data-element_type=\"container\" data-settings=\"{&quot;ekit_has_onepagescroll_dot&quot;:&quot;yes&quot;}\">\n\t\t\t\t<div class=\"elementor-element elementor-element-2780732 exad-sticky-section-no exad-glass-effect-no elementor-widget elementor-widget-image\" data-id=\"2780732\" data-element_type=\"widget\" data-settings=\"{&quot;ekit_we_effect_on&quot;:&quot;none&quot;}\" data-widget_type=\"image.default\">\n\t\t\t\t<div class=\"elementor-widget-container\">\n\t\t\t\t\t\t\t\t\t\t\t\t\t\t\t<img decoding=\"async\" width=\"150\" height=\"150\" src=\"https:\/\/www.univ-eloued.dz\/wp-content\/uploads\/2024\/11\/scholarship.avif\" class=\"attachment-thumbnail size-thumbnail wp-image-40543 not-transparent\" alt=\"\" srcset=\"https:\/\/www.univ-eloued.dz\/wp-content\/uploads\/2024\/11\/scholarship.avif 150w, https:\/\/www.univ-eloued.dz\/wp-content\/uploads\/2024\/11\/scholarship-12x12.avif 12w\" sizes=\"(max-width: 150px) 100vw, 150px\" data-has-transparency=\"false\" data-dominant-color=\"9eb6c0\" style=\"--dominant-color: #9eb6c0\" \/>\t\t\t\t\t\t\t\t\t\t\t\t\t\t\t<\/div>\n\t\t\t\t<\/div>\n\t\t\t\t<div class=\"elementor-element elementor-element-f93784d exad-sticky-section-no exad-glass-effect-no elementor-widget elementor-widget-text-editor\" data-id=\"f93784d\" data-element_type=\"widget\" data-settings=\"{&quot;ekit_we_effect_on&quot;:&quot;none&quot;}\" data-widget_type=\"text-editor.default\">\n\t\t\t\t<div class=\"elementor-widget-container\">\n\t\t\t\t\t\t\t\t\t<h2 align=\"center\"><span style=\"color: #c1965a;\"><strong>17543<\/strong><\/span><\/h2><h2 align=\"center\"><span style=\"color: #376254;\"><strong>Nombre d&#039;\u00e9tudiants b\u00e9n\u00e9ficiant de la bourse universitaire<\/strong><\/span><\/h2>\t\t\t\t\t\t\t\t<\/div>\n\t\t\t\t<\/div>\n\t\t\t\t<\/div>\n\t\t<div class=\"elementor-element elementor-element-6ef8db4 e-con-full e-flex e-con e-child\" data-id=\"6ef8db4\" data-element_type=\"container\" data-settings=\"{&quot;ekit_has_onepagescroll_dot&quot;:&quot;yes&quot;}\">\n\t\t\t\t<div class=\"elementor-element elementor-element-a91f732 exad-sticky-section-no exad-glass-effect-no elementor-widget elementor-widget-image\" data-id=\"a91f732\" data-element_type=\"widget\" data-settings=\"{&quot;ekit_we_effect_on&quot;:&quot;none&quot;}\" data-widget_type=\"image.default\">\n\t\t\t\t<div class=\"elementor-widget-container\">\n\t\t\t\t\t\t\t\t\t\t\t\t\t\t\t<img decoding=\"async\" width=\"150\" height=\"150\" src=\"https:\/\/www.univ-eloued.dz\/wp-content\/uploads\/2024\/11\/bus-png.avif\" class=\"attachment-thumbnail size-thumbnail wp-image-40544 has-transparency\" alt=\"\" srcset=\"https:\/\/www.univ-eloued.dz\/wp-content\/uploads\/2024\/11\/bus-png.avif 150w, https:\/\/www.univ-eloued.dz\/wp-content\/uploads\/2024\/11\/bus-12x12.avif 12w\" sizes=\"(max-width: 150px) 100vw, 150px\" data-has-transparency=\"true\" data-dominant-color=\"4f7e99\" style=\"--dominant-color: #4f7e99\" \/>\t\t\t\t\t\t\t\t\t\t\t\t\t\t\t<\/div>\n\t\t\t\t<\/div>\n\t\t\t\t<div class=\"elementor-element elementor-element-2528b4e exad-sticky-section-no exad-glass-effect-no elementor-widget elementor-widget-text-editor\" data-id=\"2528b4e\" data-element_type=\"widget\" data-settings=\"{&quot;ekit_we_effect_on&quot;:&quot;none&quot;}\" data-widget_type=\"text-editor.default\">\n\t\t\t\t<div class=\"elementor-widget-container\">\n\t\t\t\t\t\t\t\t\t<h2 align=\"center\"><span style=\"color: #c1965a;\"><strong>25353<\/strong><\/span><\/h2><h2 align=\"center\"><span style=\"color: #376254;\"><strong>Nombre de b\u00e9n\u00e9ficiaires du transfert universitaire<\/strong><\/span><\/h2>\t\t\t\t\t\t\t\t<\/div>\n\t\t\t\t<\/div>\n\t\t\t\t<\/div>\n\t\t<div class=\"elementor-element elementor-element-f2687bb e-con-full e-flex e-con e-child\" data-id=\"f2687bb\" data-element_type=\"container\" data-settings=\"{&quot;ekit_has_onepagescroll_dot&quot;:&quot;yes&quot;}\">\n\t\t\t\t<div class=\"elementor-element elementor-element-05d163a exad-sticky-section-no exad-glass-effect-no elementor-widget elementor-widget-image\" data-id=\"05d163a\" data-element_type=\"widget\" data-settings=\"{&quot;ekit_we_effect_on&quot;:&quot;none&quot;}\" data-widget_type=\"image.default\">\n\t\t\t\t<div class=\"elementor-widget-container\">\n\t\t\t\t\t\t\t\t\t\t\t\t\t\t\t<img decoding=\"async\" width=\"150\" height=\"150\" src=\"https:\/\/www.univ-eloued.dz\/wp-content\/uploads\/2024\/11\/student.avif\" class=\"attachment-thumbnail size-thumbnail wp-image-40545 not-transparent\" alt=\"\" srcset=\"https:\/\/www.univ-eloued.dz\/wp-content\/uploads\/2024\/11\/student.avif 150w, https:\/\/www.univ-eloued.dz\/wp-content\/uploads\/2024\/11\/student-12x12.avif 12w\" sizes=\"(max-width: 150px) 100vw, 150px\" data-has-transparency=\"false\" data-dominant-color=\"62badf\" style=\"--dominant-color: #62badf\" \/>\t\t\t\t\t\t\t\t\t\t\t\t\t\t\t<\/div>\n\t\t\t\t<\/div>\n\t\t\t\t<div class=\"elementor-element elementor-element-9f5ab15 exad-sticky-section-no exad-glass-effect-no elementor-widget elementor-widget-text-editor\" data-id=\"9f5ab15\" data-element_type=\"widget\" data-settings=\"{&quot;ekit_we_effect_on&quot;:&quot;none&quot;}\" data-widget_type=\"text-editor.default\">\n\t\t\t\t<div class=\"elementor-widget-container\">\n\t\t\t\t\t\t\t\t\t<h2 align=\"center\"><span style=\"color: #c1965a;\"><strong>48.47 %<\/strong><\/span><\/h2><h2 align=\"center\"><span style=\"color: #376254;\"><strong>Pourcentage de b\u00e9n\u00e9ficiaires de repas universitaires<\/strong><\/span><\/h2>\t\t\t\t\t\t\t\t<\/div>\n\t\t\t\t<\/div>\n\t\t\t\t<\/div>\n\t\t<div class=\"elementor-element elementor-element-5fbbeca e-con-full e-flex e-con e-child\" data-id=\"5fbbeca\" data-element_type=\"container\" data-settings=\"{&quot;ekit_has_onepagescroll_dot&quot;:&quot;yes&quot;}\">\n\t\t\t\t<div class=\"elementor-element elementor-element-f2ec3ca exad-sticky-section-no exad-glass-effect-no elementor-widget elementor-widget-image\" data-id=\"f2ec3ca\" data-element_type=\"widget\" data-settings=\"{&quot;ekit_we_effect_on&quot;:&quot;none&quot;}\" data-widget_type=\"image.default\">\n\t\t\t\t<div class=\"elementor-widget-container\">\n\t\t\t\t\t\t\t\t\t\t\t\t\t\t\t<img loading=\"lazy\" decoding=\"async\" width=\"150\" height=\"150\" src=\"https:\/\/www.univ-eloued.dz\/wp-content\/uploads\/2024\/11\/com-png.avif\" class=\"attachment-thumbnail size-thumbnail wp-image-40546 has-transparency\" alt=\"\" srcset=\"https:\/\/www.univ-eloued.dz\/wp-content\/uploads\/2024\/11\/com-png.avif 150w, https:\/\/www.univ-eloued.dz\/wp-content\/uploads\/2024\/11\/com-12x12.avif 12w\" sizes=\"(max-width: 150px) 100vw, 150px\" data-has-transparency=\"true\" data-dominant-color=\"675772\" style=\"--dominant-color: #675772\" \/>\t\t\t\t\t\t\t\t\t\t\t\t\t\t\t<\/div>\n\t\t\t\t<\/div>\n\t\t\t\t<div class=\"elementor-element elementor-element-c51505a exad-sticky-section-no exad-glass-effect-no elementor-widget elementor-widget-text-editor\" data-id=\"c51505a\" data-element_type=\"widget\" data-settings=\"{&quot;ekit_we_effect_on&quot;:&quot;none&quot;}\" data-widget_type=\"text-editor.default\">\n\t\t\t\t<div class=\"elementor-widget-container\">\n\t\t\t\t\t\t\t\t\t<h2 align=\"center\"><span style=\"color: #c1965a;\"><strong>81.17 %<\/strong><\/span><\/h2><h2 align=\"center\"><span style=\"color: #376254;\"><strong>Pourcentage d&#039;\u00e9tudiants r\u00e9sidant en r\u00e9sidence universitaire<\/strong><\/span><\/h2>\t\t\t\t\t\t\t\t<\/div>\n\t\t\t\t<\/div>\n\t\t\t\t<\/div>\n\t\t\t\t\t<\/div>\n\t\t\t\t<\/div>\n\t\t\t\t<\/div>","protected":false},"excerpt":{"rendered":"<p>\u0627\u0644\u062e\u062f\u0645\u0627\u062a \u0627\u0644\u062c\u0627\u0645\u0639\u064a\u0629 17543 \u0639\u062f\u062f \u0627\u0644\u0637\u0644\u0627\u0628 \u0627\u0644\u0645\u0633\u062a\u0641\u064a\u062f\u064a\u0646 \u0645\u0646 \u0627\u0644\u0645\u0646\u062d\u0629 \u0627\u0644\u062c\u0627\u0645\u0639\u064a\u0629 25353 \u0639\u062f\u062f \u0627\u0644\u0645\u0633\u062a\u0641\u064a\u062f\u064a\u0646 \u0645\u0646 \u0627\u0644\u0646\u0642\u0644 \u0627\u0644\u062c\u0627\u0645\u0639\u064a 48.47 % \u0646\u0633\u0628\u0629 \u0627\u0644\u0645\u0633\u062a\u0641\u064a\u062f\u064a\u0646 \u0645\u0646 \u0627\u0644\u0648\u062c\u0628\u0627\u062a \u0627\u0644\u062c\u0627\u0645\u0639\u064a\u0629 81.17 % \u0627\u0644\u0646\u0633\u0628\u0629 \u0627\u0644\u0645\u0626\u0648\u064a\u0629 \u0644\u0644\u0637\u0644\u0627\u0628 \u0627\u0644\u0645\u0642\u064a\u0645\u064a\u0646 \u0628\u0627\u0644\u0627\u0642\u0627\u0645\u0629 \u0627\u0644\u062c\u0627\u0645\u0639\u064a\u0629<\/p>","protected":false},"author":1,"featured_media":0,"parent":0,"menu_order":0,"comment_status":"closed","ping_status":"closed","template":"","meta":{"footnotes":""},"class_list":["post-40540","page","type-page","status-publish","hentry"],"rttpg_featured_image_url":null,"rttpg_author":{"display_name":"Fai\u00e7al HIMA","author_link":"https:\/\/www.univ-eloued.dz\/fr\/author\/faical\/"},"rttpg_comment":0,"rttpg_category":null,"rttpg_excerpt":"\u0627\u0644\u062e\u062f\u0645\u0627\u062a \u0627\u0644\u062c\u0627\u0645\u0639\u064a\u0629 17543 \u0639\u062f\u062f \u0627\u0644\u0637\u0644\u0627\u0628 \u0627\u0644\u0645\u0633\u062a\u0641\u064a\u062f\u064a\u0646 \u0645\u0646 \u0627\u0644\u0645\u0646\u062d\u0629 \u0627\u0644\u062c\u0627\u0645\u0639\u064a\u0629 25353 \u0639\u062f\u062f \u0627\u0644\u0645\u0633\u062a\u0641\u064a\u062f\u064a\u0646 \u0645\u0646 \u0627\u0644\u0646\u0642\u0644 \u0627\u0644\u062c\u0627\u0645\u0639\u064a 48.47 % \u0646\u0633\u0628\u0629 \u0627\u0644\u0645\u0633\u062a\u0641\u064a\u062f\u064a\u0646 \u0645\u0646 \u0627\u0644\u0648\u062c\u0628\u0627\u062a \u0627\u0644\u062c\u0627\u0645\u0639\u064a\u0629 81.17 % \u0627\u0644\u0646\u0633\u0628\u0629 \u0627\u0644\u0645\u0626\u0648\u064a\u0629 \u0644\u0644\u0637\u0644\u0627\u0628 \u0627\u0644\u0645\u0642\u064a\u0645\u064a\u0646 \u0628\u0627\u0644\u0627\u0642\u0627\u0645\u0629 \u0627\u0644\u062c\u0627\u0645\u0639\u064a\u0629","_links":{"self":[{"href":"https:\/\/www.univ-eloued.dz\/fr\/wp-json\/wp\/v2\/pages\/40540","targetHints":{"allow":["GET"]}}],"collection":[{"href":"https:\/\/www.univ-eloued.dz\/fr\/wp-json\/wp\/v2\/pages"}],"about":[{"href":"https:\/\/www.univ-eloued.dz\/fr\/wp-json\/wp\/v2\/types\/page"}],"author":[{"embeddable":true,"href":"https:\/\/www.univ-eloued.dz\/fr\/wp-json\/wp\/v2\/users\/1"}],"replies":[{"embeddable":true,"href":"https:\/\/www.univ-eloued.dz\/fr\/wp-json\/wp\/v2\/comments?post=40540"}],"version-history":[{"count":18,"href":"https:\/\/www.univ-eloued.dz\/fr\/wp-json\/wp\/v2\/pages\/40540\/revisions"}],"predecessor-version":[{"id":40565,"href":"https:\/\/www.univ-eloued.dz\/fr\/wp-json\/wp\/v2\/pages\/40540\/revisions\/40565"}],"wp:attachment":[{"href":"https:\/\/www.univ-eloued.dz\/fr\/wp-json\/wp\/v2\/media?parent=40540"}],"curies":[{"name":"wp","href":"https:\/\/api.w.org\/{rel}","templated":true}]}}