{"id":40520,"date":"2024-11-26T10:42:19","date_gmt":"2024-11-26T09:42:19","guid":{"rendered":"https:\/\/www.univ-eloued.dz\/?page_id=40520"},"modified":"2024-11-27T11:23:37","modified_gmt":"2024-11-27T10:23:37","slug":"university-clinic","status":"publish","type":"page","link":"https:\/\/www.univ-eloued.dz\/fr\/clinique-universitaire\/","title":{"rendered":"Clinique universitaire"},"content":{"rendered":"<div data-elementor-type=\"wp-page\" data-elementor-id=\"40520\" class=\"elementor elementor-40520\" data-elementor-post-type=\"page\">\n\t\t\t\t<div class=\"elementor-element elementor-element-fcbb769 e-flex e-con-boxed e-con e-parent\" data-id=\"fcbb769\" data-element_type=\"container\" data-settings=\"{&quot;ekit_has_onepagescroll_dot&quot;:&quot;yes&quot;}\">\n\t\t\t\t\t<div class=\"e-con-inner\">\n\t\t\t\t<div class=\"elementor-element elementor-element-aa7325d exad-sticky-section-no exad-glass-effect-no elementor-widget elementor-widget-text-editor\" data-id=\"aa7325d\" data-element_type=\"widget\" data-settings=\"{&quot;ekit_we_effect_on&quot;:&quot;none&quot;}\" data-widget_type=\"text-editor.default\">\n\t\t\t\t<div class=\"elementor-widget-container\">\n\t\t\t\t\t\t\t\t\t<h1 style=\"text-align: center;\"><span style=\"color: #376254;\"><strong>Clinique universitaire<\/strong><\/span><\/h1>\t\t\t\t\t\t\t\t<\/div>\n\t\t\t\t<\/div>\n\t\t\t\t\t<\/div>\n\t\t\t\t<\/div>\n\t\t<div class=\"elementor-element elementor-element-b754df8 e-flex e-con-boxed e-con e-parent\" data-id=\"b754df8\" data-element_type=\"container\" data-settings=\"{&quot;ekit_has_onepagescroll_dot&quot;:&quot;yes&quot;}\">\n\t\t\t\t\t<div class=\"e-con-inner\">\n\t\t<div class=\"elementor-element elementor-element-2c8ab4e e-con-full e-flex e-con e-child\" data-id=\"2c8ab4e\" data-element_type=\"container\" data-settings=\"{&quot;ekit_has_onepagescroll_dot&quot;:&quot;yes&quot;}\">\n\t\t\t\t<div class=\"elementor-element elementor-element-d010262 exad-sticky-section-no exad-glass-effect-no elementor-widget elementor-widget-text-editor\" data-id=\"d010262\" data-element_type=\"widget\" data-settings=\"{&quot;ekit_we_effect_on&quot;:&quot;none&quot;}\" data-widget_type=\"text-editor.default\">\n\t\t\t\t<div class=\"elementor-widget-container\">\n\t\t\t\t\t\t\t\t\t<h2 style=\"text-align: center;\"><span style=\"color: #c1965a;\"><strong>Notre engagement<\/strong><\/span><\/h2>\t\t\t\t\t\t\t\t<\/div>\n\t\t\t\t<\/div>\n\t\t\t\t<div class=\"elementor-element elementor-element-8961c15 exad-sticky-section-no exad-glass-effect-no elementor-widget elementor-widget-text-editor\" data-id=\"8961c15\" data-element_type=\"widget\" data-settings=\"{&quot;ekit_we_effect_on&quot;:&quot;none&quot;}\" data-widget_type=\"text-editor.default\">\n\t\t\t\t<div class=\"elementor-widget-container\">\n\t\t\t\t\t\t\t\t\t<h1 style=\"text-align: center;\"><span style=\"color: #376254;\">La Clinique Universitaire fait partie int\u00e9grante de nos efforts pour atteindre l\u2019Objectif de D\u00e9veloppement Durable 3 : bonne sant\u00e9 et bien-\u00eatre. En garantissant des soins de sant\u00e9 complets et accessibles \u00e0 tous les \u00e9tudiants et au personnel, nous visons \u00e0 promouvoir un environnement de campus sain et solidaire.<\/span><\/h1>\t\t\t\t\t\t\t\t<\/div>\n\t\t\t\t<\/div>\n\t\t\t\t<\/div>\n\t\t<div class=\"elementor-element elementor-element-7e502fc e-con-full e-flex e-con e-child\" data-id=\"7e502fc\" data-element_type=\"container\" data-settings=\"{&quot;ekit_has_onepagescroll_dot&quot;:&quot;yes&quot;}\">\n\t\t\t\t<div class=\"elementor-element elementor-element-512a32e exad-sticky-section-no exad-glass-effect-no elementor-widget elementor-widget-text-editor\" data-id=\"512a32e\" data-element_type=\"widget\" data-settings=\"{&quot;ekit_we_effect_on&quot;:&quot;none&quot;}\" data-widget_type=\"text-editor.default\">\n\t\t\t\t<div class=\"elementor-widget-container\">\n\t\t\t\t\t\t\t\t\t<h2 style=\"text-align: center;\"><span style=\"color: #c1965a;\"><strong>Clinique de sant\u00e9\u00a0: accompagnement sant\u00e9 complet pour les \u00e9tudiants<\/strong><\/span><\/h2>\t\t\t\t\t\t\t\t<\/div>\n\t\t\t\t<\/div>\n\t\t\t\t<div class=\"elementor-element elementor-element-b0aa0d9 exad-sticky-section-no exad-glass-effect-no elementor-widget elementor-widget-video\" data-id=\"b0aa0d9\" data-element_type=\"widget\" data-settings=\"{&quot;youtube_url&quot;:&quot;https:\\\/\\\/www.youtube.com\\\/watch?v=GE0JC_ITZFw&quot;,&quot;video_type&quot;:&quot;youtube&quot;,&quot;controls&quot;:&quot;yes&quot;,&quot;ekit_we_effect_on&quot;:&quot;none&quot;}\" data-widget_type=\"video.default\">\n\t\t\t\t<div class=\"elementor-widget-container\">\n\t\t\t\t\t\t\t<div class=\"elementor-wrapper elementor-open-inline\">\n\t\t\t<div class=\"elementor-video\"><\/div>\t\t<\/div>\n\t\t\t\t\t\t<\/div>\n\t\t\t\t<\/div>\n\t\t\t\t<\/div>\n\t\t\t\t\t<\/div>\n\t\t\t\t<\/div>\n\t\t<div class=\"elementor-element elementor-element-397f7d9 e-flex e-con-boxed e-con e-parent\" data-id=\"397f7d9\" data-element_type=\"container\" data-settings=\"{&quot;ekit_has_onepagescroll_dot&quot;:&quot;yes&quot;}\">\n\t\t\t\t\t<div class=\"e-con-inner\">\n\t\t\t\t<div class=\"elementor-element elementor-element-beb4b24 elementor-hidden-mobile exad-sticky-section-no exad-glass-effect-no elementor-widget elementor-widget-image\" data-id=\"beb4b24\" data-element_type=\"widget\" data-settings=\"{&quot;ekit_we_effect_on&quot;:&quot;none&quot;}\" data-widget_type=\"image.default\">\n\t\t\t\t<div class=\"elementor-widget-container\">\n\t\t\t\t\t\t\t\t\t\t\t\t\t\t\t<img decoding=\"async\" width=\"542\" height=\"54\" src=\"https:\/\/www.univ-eloued.dz\/wp-content\/uploads\/2024\/06\/top-bar-1.png\" class=\"attachment-full size-full wp-image-36419\" alt=\"\" srcset=\"https:\/\/www.univ-eloued.dz\/wp-content\/uploads\/2024\/06\/top-bar-1.png 542w, https:\/\/www.univ-eloued.dz\/wp-content\/uploads\/2024\/06\/top-bar-1-300x30.png 300w\" sizes=\"(max-width: 542px) 100vw, 542px\" \/>\t\t\t\t\t\t\t\t\t\t\t\t\t\t\t<\/div>\n\t\t\t\t<\/div>\n\t\t\t\t\t<\/div>\n\t\t\t\t<\/div>\n\t\t<div class=\"elementor-element elementor-element-0d146c2 e-flex e-con-boxed e-con e-parent\" data-id=\"0d146c2\" data-element_type=\"container\" data-settings=\"{&quot;ekit_has_onepagescroll_dot&quot;:&quot;yes&quot;}\">\n\t\t\t\t\t<div class=\"e-con-inner\">\n\t\t<div class=\"elementor-element elementor-element-86fa728 e-con-full e-flex e-con e-child\" data-id=\"86fa728\" data-element_type=\"container\" data-settings=\"{&quot;ekit_has_onepagescroll_dot&quot;:&quot;yes&quot;}\">\n\t\t\t\t<div class=\"elementor-element elementor-element-3e99612 exad-sticky-section-no exad-glass-effect-no elementor-widget elementor-widget-text-editor\" data-id=\"3e99612\" data-element_type=\"widget\" data-settings=\"{&quot;ekit_we_effect_on&quot;:&quot;none&quot;}\" data-widget_type=\"text-editor.default\">\n\t\t\t\t<div class=\"elementor-widget-container\">\n\t\t\t\t\t\t\t\t\t<h2 style=\"text-align: center;\"><span style=\"color: #c1965a;\"><strong>Pr\u00e9sentation de la clinique<\/strong><\/span><\/h2>\t\t\t\t\t\t\t\t<\/div>\n\t\t\t\t<\/div>\n\t\t\t\t<div class=\"elementor-element elementor-element-78326c6 exad-sticky-section-no exad-glass-effect-no elementor-widget elementor-widget-text-editor\" data-id=\"78326c6\" data-element_type=\"widget\" data-settings=\"{&quot;ekit_we_effect_on&quot;:&quot;none&quot;}\" data-widget_type=\"text-editor.default\">\n\t\t\t\t<div class=\"elementor-widget-container\">\n\t\t\t\t\t\t\t\t\t<p>Promouvoir la sant\u00e9 et le bien-\u00eatre des \u00e9tudiants et du personnel \u00c0 l&#039;Universit\u00e9 Valley, la clinique universitaire vise \u00e0 promouvoir la sant\u00e9 et le bien-\u00eatre de notre communaut\u00e9 universitaire. En tant qu&#039;\u00e9tablissement ouvert, la clinique fournit une large gamme de services de sant\u00e9 essentiels, notamment des soins sp\u00e9cialis\u00e9s de sant\u00e9 pr\u00e9ventive et reproductive con\u00e7us \u00e0 la fois pour les \u00e9tudiants et le personnel.<\/p>\t\t\t\t\t\t\t\t<\/div>\n\t\t\t\t<\/div>\n\t\t\t\t<div class=\"elementor-element elementor-element-d28b069 elementor-hidden-mobile exad-sticky-section-no exad-glass-effect-no elementor-widget elementor-widget-image\" data-id=\"d28b069\" data-element_type=\"widget\" data-settings=\"{&quot;ekit_we_effect_on&quot;:&quot;none&quot;}\" data-widget_type=\"image.default\">\n\t\t\t\t<div class=\"elementor-widget-container\">\n\t\t\t\t\t\t\t\t\t\t\t\t\t\t\t<img decoding=\"async\" width=\"542\" height=\"54\" src=\"https:\/\/www.univ-eloued.dz\/wp-content\/uploads\/2024\/11\/bar_v-1-png.avif\" class=\"attachment-full size-full wp-image-40734 has-transparency\" alt=\"\" srcset=\"https:\/\/www.univ-eloued.dz\/wp-content\/uploads\/2024\/11\/bar_v-1-png.avif 542w, https:\/\/www.univ-eloued.dz\/wp-content\/uploads\/2024\/11\/bar_v-1-300x30.avif 300w, https:\/\/www.univ-eloued.dz\/wp-content\/uploads\/2024\/11\/bar_v-1-18x2.avif 18w\" sizes=\"(max-width: 542px) 100vw, 542px\" data-has-transparency=\"true\" data-dominant-color=\"010303\" style=\"--dominant-color: #010303\" \/>\t\t\t\t\t\t\t\t\t\t\t\t\t\t\t<\/div>\n\t\t\t\t<\/div>\n\t\t\t\t<div class=\"elementor-element elementor-element-23d877b exad-sticky-section-no exad-glass-effect-no elementor-widget elementor-widget-text-editor\" data-id=\"23d877b\" data-element_type=\"widget\" data-settings=\"{&quot;ekit_we_effect_on&quot;:&quot;none&quot;}\" data-widget_type=\"text-editor.default\">\n\t\t\t\t<div class=\"elementor-widget-container\">\n\t\t\t\t\t\t\t\t\t<h2 style=\"text-align: center;\"><span style=\"color: #c1965a;\"><strong>\u00e9quipe de travail<\/strong><\/span><\/h2>\t\t\t\t\t\t\t\t<\/div>\n\t\t\t\t<\/div>\n\t\t\t\t<div class=\"elementor-element elementor-element-35d16d7 exad-sticky-section-no exad-glass-effect-no elementor-widget elementor-widget-text-editor\" data-id=\"35d16d7\" data-element_type=\"widget\" data-settings=\"{&quot;ekit_we_effect_on&quot;:&quot;none&quot;}\" data-widget_type=\"text-editor.default\">\n\t\t\t\t<div class=\"elementor-widget-container\">\n\t\t\t\t\t\t\t\t\t<p>L&#039;\u00e9quipe de la clinique comprend des m\u00e9decins qualifi\u00e9s qui se consacrent \u00e0 prodiguer des soins de sant\u00e9 de qualit\u00e9 et accessibles \u00e0 tous. Dans la vid\u00e9o pr\u00e9sent\u00e9e ci-dessous, le Dr Mervat Qamari explique la gamme de services fournis par la clinique et comment elle soutient le bien-\u00eatre g\u00e9n\u00e9ral de la communaut\u00e9 universitaire.<\/p><p>Visitez la clinique universitaire<\/p><ul><li class=\" translation-block\"><span style=\"color: #376254\"><strong>Localisation :<\/strong><\/span> face au b\u00e2timent de la pr\u00e9sidence de l&#039;universit\u00e9<\/li><li class=\" translation-block\"><span style=\"color: #376254\"><strong>Horaires de travail\u00a0:<\/strong><\/span> Il fonctionne pendant les heures normales de l&#039;universit\u00e9.<\/li><li class=\" translation-block\"><span style=\"color: #376254\"><strong>Des services sans rendez-vous sont disponibles :<\/strong><\/span> aucun rendez-vous n\u00e9cessaire.<\/li><\/ul>\t\t\t\t\t\t\t\t<\/div>\n\t\t\t\t<\/div>\n\t\t\t\t<\/div>\n\t\t<div class=\"elementor-element elementor-element-0ad1930 e-con-full e-flex e-con e-child\" data-id=\"0ad1930\" data-element_type=\"container\" data-settings=\"{&quot;ekit_has_onepagescroll_dot&quot;:&quot;yes&quot;}\">\n\t\t\t\t<div class=\"elementor-element elementor-element-85d7b61 exad-sticky-section-no exad-glass-effect-no elementor-widget elementor-widget-text-editor\" data-id=\"85d7b61\" data-element_type=\"widget\" data-settings=\"{&quot;ekit_we_effect_on&quot;:&quot;none&quot;}\" data-widget_type=\"text-editor.default\">\n\t\t\t\t<div class=\"elementor-widget-container\">\n\t\t\t\t\t\t\t\t\t<h2 style=\"text-align: center;\"><span style=\"color: #c1965a;\"><strong>\u00a0Services fournis <\/strong><\/span><\/h2>\t\t\t\t\t\t\t\t<\/div>\n\t\t\t\t<\/div>\n\t\t\t\t<div class=\"elementor-element elementor-element-5d9e3ca exad-sticky-section-no exad-glass-effect-no elementor-widget elementor-widget-text-editor\" data-id=\"5d9e3ca\" data-element_type=\"widget\" data-settings=\"{&quot;ekit_we_effect_on&quot;:&quot;none&quot;}\" data-widget_type=\"text-editor.default\">\n\t\t\t\t<div class=\"elementor-widget-container\">\n\t\t\t\t\t\t\t\t\t<ol><li><strong><u> Soins de sant\u00e9 sexuelle et reproductive\u00a0:<\/u><\/strong><ul><li>Consultations et consultations confidentielles.<\/li><li>Acc\u00e8s \u00e0 des conseils en mati\u00e8re de contraception et de planification familiale.<\/li><li>\u00c9ducation sur la sant\u00e9 reproductive et les pratiques s\u00fbres.<\/li><li>Soutenir les \u00e9tudiants et le personnel confront\u00e9s \u00e0 des probl\u00e8mes de sant\u00e9.<\/li><\/ul><\/li><\/ol><ol start=\"2\"><li><strong><u>\u00a0Soins de sant\u00e9 primaires\u00a0:<\/u><\/strong><\/li><\/ol><ul><li>Examens de sant\u00e9 g\u00e9n\u00e9raux pour tous les \u00e9tudiants au d\u00e9but de l&#039;ann\u00e9e universitaire pour tous les nouveaux \u00e9tudiants inscrits et conseils en face \u00e0 face.<\/li><li>Traiter les maladies et blessures mineures.<\/li><\/ul><ol start=\"3\"><li><strong><u>\u00a0Services de sant\u00e9 mentale et de conseil\u00a0:<\/u><\/strong><\/li><\/ol><ul><li>Orientation vers des professionnels de la sant\u00e9 mentale.<\/li><li>Conseils de base en mati\u00e8re de sant\u00e9 mentale dans le cadre d\u2019un soutien int\u00e9gr\u00e9 au bien-\u00eatre.<\/li><\/ul><ol start=\"4\"><li><strong><u>\u00a0Programmes de sant\u00e9 pr\u00e9ventive\u00a0:<\/u><\/strong><\/li><\/ol><ul><li>Campagnes r\u00e9guli\u00e8res de sensibilisation \u00e0 la sant\u00e9 sur le campus.<\/li><li>Campagnes compl\u00e8tes d&#039;examens de m\u00e9decin pour les nouveaux \u00e9tudiants.<\/li><\/ul>\t\t\t\t\t\t\t\t<\/div>\n\t\t\t\t<\/div>\n\t\t\t\t<\/div>\n\t\t\t\t\t<\/div>\n\t\t\t\t<\/div>\n\t\t<div class=\"elementor-element elementor-element-7c7da8a e-flex e-con-boxed e-con e-parent\" data-id=\"7c7da8a\" data-element_type=\"container\" data-settings=\"{&quot;ekit_has_onepagescroll_dot&quot;:&quot;yes&quot;}\">\n\t\t\t\t\t<div class=\"e-con-inner\">\n\t\t\t\t<div class=\"elementor-element elementor-element-d8dbd98 elementor-arrows-position-inside exad-sticky-section-no exad-glass-effect-no elementor-widget elementor-widget-image-carousel\" data-id=\"d8dbd98\" data-element_type=\"widget\" data-settings=\"{&quot;navigation&quot;:&quot;arrows&quot;,&quot;autoplay&quot;:&quot;yes&quot;,&quot;pause_on_hover&quot;:&quot;yes&quot;,&quot;pause_on_interaction&quot;:&quot;yes&quot;,&quot;autoplay_speed&quot;:5000,&quot;infinite&quot;:&quot;yes&quot;,&quot;speed&quot;:500,&quot;ekit_we_effect_on&quot;:&quot;none&quot;}\" data-widget_type=\"image-carousel.default\">\n\t\t\t\t<div class=\"elementor-widget-container\">\n\t\t\t\t\t\t\t<div class=\"elementor-image-carousel-wrapper swiper\" role=\"region\" aria-roledescription=\"carousel\" aria-label=\"Carrousel d\u2019images\" dir=\"ltr\">\n\t\t\t<div class=\"elementor-image-carousel swiper-wrapper\" aria-live=\"off\">\n\t\t\t\t\t\t\t\t<div class=\"swiper-slide\" role=\"group\" aria-roledescription=\"slide\" aria-label=\"1 sur 14\"><figure class=\"swiper-slide-inner\"><img decoding=\"async\" class=\"swiper-slide-image\" src=\"https:\/\/www.univ-eloued.dz\/wp-content\/uploads\/2024\/11\/1-300x225.avif\" alt=\"1\" \/><\/figure><\/div><div class=\"swiper-slide\" role=\"group\" aria-roledescription=\"slide\" aria-label=\"2 sur 14\"><figure class=\"swiper-slide-inner\"><img decoding=\"async\" class=\"swiper-slide-image\" src=\"https:\/\/www.univ-eloued.dz\/wp-content\/uploads\/2024\/11\/13-300x225.avif\" alt=\"13\" \/><\/figure><\/div><div class=\"swiper-slide\" role=\"group\" aria-roledescription=\"slide\" aria-label=\"3 sur 14\"><figure class=\"swiper-slide-inner\"><img decoding=\"async\" class=\"swiper-slide-image\" src=\"https:\/\/www.univ-eloued.dz\/wp-content\/uploads\/2024\/11\/12-300x225.avif\" alt=\"12\" \/><\/figure><\/div><div class=\"swiper-slide\" role=\"group\" aria-roledescription=\"slide\" aria-label=\"4 sur 14\"><figure class=\"swiper-slide-inner\"><img decoding=\"async\" class=\"swiper-slide-image\" src=\"https:\/\/www.univ-eloued.dz\/wp-content\/uploads\/2024\/11\/11-300x225.avif\" alt=\"11\" \/><\/figure><\/div><div class=\"swiper-slide\" role=\"group\" aria-roledescription=\"slide\" aria-label=\"5 sur 14\"><figure class=\"swiper-slide-inner\"><img decoding=\"async\" class=\"swiper-slide-image\" src=\"https:\/\/www.univ-eloued.dz\/wp-content\/uploads\/2024\/11\/10-300x225.avif\" alt=\"10\" \/><\/figure><\/div><div class=\"swiper-slide\" role=\"group\" aria-roledescription=\"slide\" aria-label=\"6 sur 14\"><figure class=\"swiper-slide-inner\"><img decoding=\"async\" class=\"swiper-slide-image\" src=\"https:\/\/www.univ-eloued.dz\/wp-content\/uploads\/2024\/11\/9-300x225.avif\" alt=\"9\" \/><\/figure><\/div><div class=\"swiper-slide\" role=\"group\" aria-roledescription=\"slide\" aria-label=\"7 sur 14\"><figure class=\"swiper-slide-inner\"><img decoding=\"async\" class=\"swiper-slide-image\" src=\"https:\/\/www.univ-eloued.dz\/wp-content\/uploads\/2024\/11\/8-300x225.avif\" alt=\"8\" \/><\/figure><\/div><div class=\"swiper-slide\" role=\"group\" aria-roledescription=\"slide\" aria-label=\"8 sur 14\"><figure class=\"swiper-slide-inner\"><img decoding=\"async\" class=\"swiper-slide-image\" src=\"https:\/\/www.univ-eloued.dz\/wp-content\/uploads\/2024\/11\/7-300x225.avif\" alt=\"7\" \/><\/figure><\/div><div class=\"swiper-slide\" role=\"group\" aria-roledescription=\"slide\" aria-label=\"9 sur 14\"><figure class=\"swiper-slide-inner\"><img decoding=\"async\" class=\"swiper-slide-image\" src=\"https:\/\/www.univ-eloued.dz\/wp-content\/uploads\/2024\/11\/6-300x225.avif\" alt=\"6\" \/><\/figure><\/div><div class=\"swiper-slide\" role=\"group\" aria-roledescription=\"slide\" aria-label=\"10 sur 14\"><figure class=\"swiper-slide-inner\"><img decoding=\"async\" class=\"swiper-slide-image\" src=\"https:\/\/www.univ-eloued.dz\/wp-content\/uploads\/2024\/11\/5-300x225.avif\" alt=\"5\" \/><\/figure><\/div><div class=\"swiper-slide\" role=\"group\" aria-roledescription=\"slide\" aria-label=\"11 sur 14\"><figure class=\"swiper-slide-inner\"><img decoding=\"async\" class=\"swiper-slide-image\" src=\"https:\/\/www.univ-eloued.dz\/wp-content\/uploads\/2024\/11\/4-300x225.avif\" alt=\"4\" \/><\/figure><\/div><div class=\"swiper-slide\" role=\"group\" aria-roledescription=\"slide\" aria-label=\"12 sur 14\"><figure class=\"swiper-slide-inner\"><img decoding=\"async\" class=\"swiper-slide-image\" src=\"https:\/\/www.univ-eloued.dz\/wp-content\/uploads\/2024\/11\/3-300x225.avif\" alt=\"3\" \/><\/figure><\/div><div class=\"swiper-slide\" role=\"group\" aria-roledescription=\"slide\" aria-label=\"13 sur 14\"><figure class=\"swiper-slide-inner\"><img decoding=\"async\" class=\"swiper-slide-image\" src=\"https:\/\/www.univ-eloued.dz\/wp-content\/uploads\/2024\/11\/2-300x225.avif\" alt=\"2\" \/><\/figure><\/div><div class=\"swiper-slide\" role=\"group\" aria-roledescription=\"slide\" aria-label=\"14 sur 14\"><figure class=\"swiper-slide-inner\"><img decoding=\"async\" class=\"swiper-slide-image\" src=\"https:\/\/www.univ-eloued.dz\/wp-content\/uploads\/2024\/11\/14-300x225.avif\" alt=\"14\" \/><\/figure><\/div>\t\t\t<\/div>\n\t\t\t\t\t\t\t\t\t\t\t\t<div class=\"elementor-swiper-button elementor-swiper-button-prev\" role=\"button\" tabindex=\"0\">\n\t\t\t\t\t\t<i aria-hidden=\"true\" class=\"eicon-chevron-left\"><\/i>\t\t\t\t\t<\/div>\n\t\t\t\t\t<div class=\"elementor-swiper-button elementor-swiper-button-next\" role=\"button\" tabindex=\"0\">\n\t\t\t\t\t\t<i aria-hidden=\"true\" class=\"eicon-chevron-right\"><\/i>\t\t\t\t\t<\/div>\n\t\t\t\t\n\t\t\t\t\t\t\t\t\t<\/div>\n\t\t\t\t\t\t<\/div>\n\t\t\t\t<\/div>\n\t\t\t\t\t<\/div>\n\t\t\t\t<\/div>\n\t\t\t\t<\/div>","protected":false},"excerpt":{"rendered":"<p>\u0627\u0644\u0639\u064a\u0627\u062f\u0629 \u0627\u0644\u062c\u0627\u0645\u0639\u064a\u0629 \u0627\u0644\u062a\u0632\u0627\u0645\u0646\u0627 \u062a\u0639\u062a\u0628\u0631 \u0639\u064a\u0627\u062f\u0629 \u0627\u0644\u062c\u0627\u0645\u0639\u0629 \u062c\u0632\u0621\u064b\u0627 \u0644\u0627 \u064a\u062a\u062c\u0632\u0623 \u0645\u0646 \u062c\u0647\u0648\u062f\u0646\u0627 \u0644\u062a\u062d\u0642\u064a\u0642 \u0627\u0644\u0647\u062f\u0641 \u0627\u0644\u062b\u0627\u0644\u062b \u0645\u0646 \u0623\u0647\u062f\u0627\u0641 \u0627\u0644\u062a\u0646\u0645\u064a\u0629 \u0627\u0644\u0645\u0633\u062a\u062f\u0627\u0645\u0629: \u0627\u0644\u0635\u062d\u0629 \u0627\u0644\u062c\u064a\u062f\u0629 \u0648\u0627\u0644\u0631\u0641\u0627\u0647\u064a\u0629. \u0645\u0646 \u062e\u0644\u0627\u0644 \u0636\u0645\u0627\u0646 \u0627\u0644\u0631\u0639\u0627\u064a\u0629 \u0627\u0644\u0635\u062d\u064a\u0629 \u0627\u0644\u0634\u0627\u0645\u0644\u0629 \u0648\u0627\u0644\u0645\u062a\u0627\u062d\u0629 \u0644\u062c\u0645\u064a\u0639 \u0627\u0644\u0637\u0644\u0627\u0628 \u0648\u0627\u0644\u0645\u0648\u0638\u0641\u064a\u0646\u060c \u0646\u0647\u062f\u0641 \u0625\u0644\u0649 \u062a\u0639\u0632\u064a\u0632 \u0628\u064a\u0626\u0629 \u0627\u0644\u062d\u0631\u0645 \u0627\u0644\u062c\u0627\u0645\u0639\u064a \u0627\u0644\u0635\u062d\u064a\u0629 \u0648\u0627\u0644\u062f\u0627\u0639\u0645\u0629 \u0627\u0644\u0639\u064a\u0627\u062f\u0629 \u0627\u0644\u0635\u062d\u064a\u0629 : \u062f\u0639\u0645 \u0635\u062d\u064a \u0648\u0634\u0627\u0645\u0644 \u0644\u0644\u0637\u0644\u0628\u0629 https:\/\/www.youtube.com\/watch?v=GE0JC_ITZFw \u0627\u0644\u062a\u0639\u0631\u064a\u0641 \u0628\u0627\u0644\u0639\u064a\u0627\u062f\u0629 \u062a\u0639\u0632\u064a\u0632 \u0627\u0644\u0635\u062d\u0629 \u0648\u0627\u0644\u0639\u0627\u0641\u064a\u0629 \u0644\u0644\u0637\u0644\u0627\u0628 \u0648\u0627\u0644\u0645\u0648\u0638\u0641\u064a\u0646 \u0641\u064a \u062c\u0627\u0645\u0639\u0629 \u0627\u0644\u0648\u0627\u062f\u064a\u060c \u062a\u0647\u062f\u0641 \u0639\u064a\u0627\u062f\u0629 \u0627\u0644\u062c\u0627\u0645\u0639\u0629 \u0625\u0644\u0649 \u062a\u0639\u0632\u064a\u0632 \u0627\u0644\u0635\u062d\u0629 \u0648\u0627\u0644\u0639\u0627\u0641\u064a\u0629 \u0644\u0645\u062c\u062a\u0645\u0639 \u062c\u0627\u0645\u0639\u062a\u0646\u0627. \u0648\u0628\u0627\u0639\u062a\u0628\u0627\u0631\u0647\u0627 \u0645\u0646\u0634\u0623\u0629 \u0645\u0641\u062a\u0648\u062d\u0629\u060c \u062a\u0648\u0641\u0631 \u0627\u0644\u0639\u064a\u0627\u062f\u0629 \u0645\u062c\u0645\u0648\u0639\u0629 \u0648\u0627\u0633\u0639\u0629 \u0645\u0646 \u0627\u0644\u062e\u062f\u0645\u0627\u062a \u0627\u0644\u0635\u062d\u064a\u0629 \u0627\u0644\u0623\u0633\u0627\u0633\u064a\u0629\u060c \u0628\u0645\u0627 \u0641\u064a \u0630\u0644\u0643 \u0627\u0644\u0631\u0639\u0627\u064a\u0629 \u0627\u0644\u0635\u062d\u064a\u0629 \u0627\u0644\u0648\u0642\u0627\u0626\u064a\u0629 \u0648\u0627\u0644\u0625\u0646\u062c\u0627\u0628\u064a\u0629 \u0627\u0644\u0645\u062a\u062e\u0635\u0635\u0629 \u0627\u0644\u0645\u0635\u0645\u0645\u0629 \u0644\u0643\u0644 \u0645\u0646 \u0627\u0644\u0637\u0644\u0627\u0628 \u0648\u0627\u0644\u0645\u0648\u0638\u0641\u064a\u0646. \u0641\u0631\u064a\u0642 \u0627\u0644\u0639\u0645\u0644 \u064a\u0636\u0645 \u0641\u0631\u064a\u0642 \u0627\u0644\u0639\u064a\u0627\u062f\u0629 \u0623\u0637\u0628\u0627\u0621 \u0645\u0624\u0647\u0644\u064a\u0646 \u0648\u0645\u0643\u0631\u0633\u064a\u0646 \u0644\u062a\u0642\u062f\u064a\u0645 \u0631\u0639\u0627\u064a\u0629 &hellip; <\/p>","protected":false},"author":1,"featured_media":0,"parent":0,"menu_order":0,"comment_status":"closed","ping_status":"closed","template":"","meta":{"footnotes":""},"class_list":["post-40520","page","type-page","status-publish","hentry"],"rttpg_featured_image_url":null,"rttpg_author":{"display_name":"Fai\u00e7al HIMA","author_link":"https:\/\/www.univ-eloued.dz\/fr\/author\/faical\/"},"rttpg_comment":0,"rttpg_category":null,"rttpg_excerpt":"\u0627\u0644\u0639\u064a\u0627\u062f\u0629 \u0627\u0644\u062c\u0627\u0645\u0639\u064a\u0629 \u0627\u0644\u062a\u0632\u0627\u0645\u0646\u0627 \u062a\u0639\u062a\u0628\u0631 \u0639\u064a\u0627\u062f\u0629 \u0627\u0644\u062c\u0627\u0645\u0639\u0629 \u062c\u0632\u0621\u064b\u0627 \u0644\u0627 \u064a\u062a\u062c\u0632\u0623 \u0645\u0646 \u062c\u0647\u0648\u062f\u0646\u0627 \u0644\u062a\u062d\u0642\u064a\u0642 \u0627\u0644\u0647\u062f\u0641 \u0627\u0644\u062b\u0627\u0644\u062b \u0645\u0646 \u0623\u0647\u062f\u0627\u0641 \u0627\u0644\u062a\u0646\u0645\u064a\u0629 \u0627\u0644\u0645\u0633\u062a\u062f\u0627\u0645\u0629: \u0627\u0644\u0635\u062d\u0629 \u0627\u0644\u062c\u064a\u062f\u0629 \u0648\u0627\u0644\u0631\u0641\u0627\u0647\u064a\u0629. \u0645\u0646 \u062e\u0644\u0627\u0644 \u0636\u0645\u0627\u0646 \u0627\u0644\u0631\u0639\u0627\u064a\u0629 \u0627\u0644\u0635\u062d\u064a\u0629 \u0627\u0644\u0634\u0627\u0645\u0644\u0629 \u0648\u0627\u0644\u0645\u062a\u0627\u062d\u0629 \u0644\u062c\u0645\u064a\u0639 \u0627\u0644\u0637\u0644\u0627\u0628 \u0648\u0627\u0644\u0645\u0648\u0638\u0641\u064a\u0646\u060c \u0646\u0647\u062f\u0641 \u0625\u0644\u0649 \u062a\u0639\u0632\u064a\u0632 \u0628\u064a\u0626\u0629 \u0627\u0644\u062d\u0631\u0645 \u0627\u0644\u062c\u0627\u0645\u0639\u064a \u0627\u0644\u0635\u062d\u064a\u0629 \u0648\u0627\u0644\u062f\u0627\u0639\u0645\u0629 \u0627\u0644\u0639\u064a\u0627\u062f\u0629 \u0627\u0644\u0635\u062d\u064a\u0629 : \u062f\u0639\u0645 \u0635\u062d\u064a \u0648\u0634\u0627\u0645\u0644 \u0644\u0644\u0637\u0644\u0628\u0629 https:\/\/www.youtube.com\/watch?v=GE0JC_ITZFw \u0627\u0644\u062a\u0639\u0631\u064a\u0641 \u0628\u0627\u0644\u0639\u064a\u0627\u062f\u0629 \u062a\u0639\u0632\u064a\u0632 \u0627\u0644\u0635\u062d\u0629 \u0648\u0627\u0644\u0639\u0627\u0641\u064a\u0629 \u0644\u0644\u0637\u0644\u0627\u0628 \u0648\u0627\u0644\u0645\u0648\u0638\u0641\u064a\u0646 \u0641\u064a\u2026","_links":{"self":[{"href":"https:\/\/www.univ-eloued.dz\/fr\/wp-json\/wp\/v2\/pages\/40520","targetHints":{"allow":["GET"]}}],"collection":[{"href":"https:\/\/www.univ-eloued.dz\/fr\/wp-json\/wp\/v2\/pages"}],"about":[{"href":"https:\/\/www.univ-eloued.dz\/fr\/wp-json\/wp\/v2\/types\/page"}],"author":[{"embeddable":true,"href":"https:\/\/www.univ-eloued.dz\/fr\/wp-json\/wp\/v2\/users\/1"}],"replies":[{"embeddable":true,"href":"https:\/\/www.univ-eloued.dz\/fr\/wp-json\/wp\/v2\/comments?post=40520"}],"version-history":[{"count":30,"href":"https:\/\/www.univ-eloued.dz\/fr\/wp-json\/wp\/v2\/pages\/40520\/revisions"}],"predecessor-version":[{"id":40737,"href":"https:\/\/www.univ-eloued.dz\/fr\/wp-json\/wp\/v2\/pages\/40520\/revisions\/40737"}],"wp:attachment":[{"href":"https:\/\/www.univ-eloued.dz\/fr\/wp-json\/wp\/v2\/media?parent=40520"}],"curies":[{"name":"wp","href":"https:\/\/api.w.org\/{rel}","templated":true}]}}