{"id":33809,"date":"2024-03-27T14:07:32","date_gmt":"2024-03-27T13:07:32","guid":{"rendered":"https:\/\/www.univ-eloued.dz\/?page_id=33809"},"modified":"2024-11-19T15:10:33","modified_gmt":"2024-11-19T14:10:33","slug":"%d8%a7%d9%84%d9%86%d8%b5%d9%88%d8%b5-%d8%a7%d9%84%d9%82%d8%a7%d9%86%d9%88%d9%86%d9%8a%d8%a9","status":"publish","type":"page","link":"https:\/\/www.univ-eloued.dz\/fr\/\u0627\u0644\u0646\u0635\u0648\u0635-\u0627\u0644\u0642\u0627\u0646\u0648\u0646\u064a\u0629\/","title":{"rendered":"Textes juridiques"},"content":{"rendered":"<div data-elementor-type=\"wp-page\" data-elementor-id=\"33809\" class=\"elementor elementor-33809\" data-elementor-post-type=\"page\">\n\t\t\t\t\t\t<section class=\"elementor-section elementor-top-section elementor-element elementor-element-9f7a680 elementor-section-boxed elementor-section-height-default elementor-section-height-default exad-glass-effect-no exad-sticky-section-no\" data-id=\"9f7a680\" data-element_type=\"section\" data-settings=\"{&quot;ekit_has_onepagescroll_dot&quot;:&quot;yes&quot;}\">\n\t\t\t\t\t\t<div class=\"elementor-container elementor-column-gap-default\">\n\t\t\t\t\t<div class=\"elementor-column elementor-col-100 elementor-top-column elementor-element elementor-element-9b49728 exad-glass-effect-no exad-sticky-section-no\" data-id=\"9b49728\" data-element_type=\"column\">\n\t\t\t<div class=\"elementor-widget-wrap elementor-element-populated\">\n\t\t\t\t\t\t<div class=\"elementor-element elementor-element-720e074 exad-sticky-section-no exad-glass-effect-no elementor-widget elementor-widget-exad-exclusive-accordion\" data-id=\"720e074\" data-element_type=\"widget\" data-settings=\"{&quot;ekit_we_effect_on&quot;:&quot;none&quot;}\" data-widget_type=\"exad-exclusive-accordion.default\">\n\t\t\t\t<div class=\"elementor-widget-container\">\n\t\t\t\t\t    \r\n        <div class=\"exad-accordion-items\">\r\n        \t\r\n                <div class=\"exad-accordion-single-item elementor-repeater-item-229bf8a\">\r\n                    <div class=\"exad-accordion-title\">\r\n\r\n\t\t\t\t\t\t\r\n                        <h1 class=\"exad-accordion-heading\">\r\n\t\t\t\t\t\t\r\n\t\t\t\t\t\t\tOrganisation administrative, t\u00e2ches universitaires et r\u00e8gles d&#039;organisation et de fonctionnement\t\t\t\t\t\t\t\r\n\t\t\t\t\t\t<\/h1>\r\n\r\n                                                    <div class=\"exad-active-inactive-icon\">\r\n                                                                    <span class=\"exad-active-icon\">\r\n                                        <i class=\"fas fa-minus\"><\/i>                                    <\/span>                            \r\n                                                                                                    <span class=\"exad-inactive-icon\">\r\n                                        <i class=\"fas fa-plus\"><\/i>                                    <\/span>\r\n                                                            <\/div>\r\n                                            <\/div>\r\n\r\n                    <div class=\"exad-accordion-content\">\r\n                        <div class=\"exad-accordion-content-wrapper has-image-no image-position-right\">\r\n                            <div class=\"exad-accordion-text\">\r\n                                <div> <\/div>\r\n                                                            <\/div>\r\n\r\n                            \r\n                        <\/div>\r\n                    <\/div>\r\n                <\/div>\r\n                            \r\n                <div class=\"exad-accordion-single-item elementor-repeater-item-137c598\">\r\n                    <div class=\"exad-accordion-title\">\r\n\r\n\t\t\t\t\t\t\r\n                        <h1 class=\"exad-accordion-heading\">\r\n\t\t\t\t\t\t\r\n\t\t\t\t\t\t\tLa loi fondamentale, le volume horaire hebdomadaire d&#039;enseignement et l&#039;accompagnement p\u00e9dagogique de l&#039;enseignant-chercheur\t\t\t\t\t\t\t\r\n\t\t\t\t\t\t<\/h1>\r\n\r\n                                                    <div class=\"exad-active-inactive-icon\">\r\n                                                                    <span class=\"exad-active-icon\">\r\n                                        <i class=\"fas fa-minus\"><\/i>                                    <\/span>                            \r\n                                                                                                    <span class=\"exad-inactive-icon\">\r\n                                        <i class=\"fas fa-plus\"><\/i>                                    <\/span>\r\n                                                            <\/div>\r\n                                            <\/div>\r\n\r\n                    <div class=\"exad-accordion-content\">\r\n                        <div class=\"exad-accordion-content-wrapper has-image-no image-position-right\">\r\n                            <div class=\"exad-accordion-text\">\r\n                                <div> <p>Le d\u00e9cret ex\u00e9cutif n\u00b003-279 du 24 Joumada al-Thani 1424, correspondant au 3 ao\u00fbt 2003, d\u00e9finit les missions de l&#039;universit\u00e9 et les r\u00e8gles de son organisation et de son fonctionnement.<\/p>\u00a0<p>La r\u00e9solution n\u00b062 du 4 ao\u00fbt 2004 d\u00e9termine l&#039;organisation administrative de la direction universitaire, du coll\u00e8ge, de l&#039;institut, de l&#039;annexe universitaire, ainsi que leurs int\u00e9r\u00eats communs.<\/p>\u00a0<p>Le d\u00e9cret ex\u00e9cutif n\u00b006-343 du 4 Ramadan 1427 correspondant au 27 septembre 2006 modifie et compl\u00e8te le d\u00e9cret ex\u00e9cutif n\u00b003-279 du 24 Joumada al-Thani 1424 correspondant au 23 ao\u00fbt 2003, qui d\u00e9finit les missions de l&#039;universit\u00e9 et de l&#039;universit\u00e9. r\u00e8gles d&#039;organisation et de fonctionnement.<\/p>\u00a0<p>\u00a0<\/p><\/div>\r\n                                                            <\/div>\r\n\r\n                            \r\n                        <\/div>\r\n                    <\/div>\r\n                <\/div>\r\n                            \r\n                <div class=\"exad-accordion-single-item elementor-repeater-item-7847bc7\">\r\n                    <div class=\"exad-accordion-title\">\r\n\r\n\t\t\t\t\t\t\r\n                        <h1 class=\"exad-accordion-heading\">\r\n\t\t\t\t\t\t\r\n\t\t\t\t\t\t\tR\u00e8gles communes d\u2019organisation p\u00e9dagogique et de gestion des \u00e9tudes universitaires pour l\u2019obtention des dipl\u00f4mes de licence et de master\t\t\t\t\t\t\t\r\n\t\t\t\t\t\t<\/h1>\r\n\r\n                                                    <div class=\"exad-active-inactive-icon\">\r\n                                                                    <span class=\"exad-active-icon\">\r\n                                        <i class=\"fas fa-minus\"><\/i>                                    <\/span>                            \r\n                                                                                                    <span class=\"exad-inactive-icon\">\r\n                                        <i class=\"fas fa-plus\"><\/i>                                    <\/span>\r\n                                                            <\/div>\r\n                                            <\/div>\r\n\r\n                    <div class=\"exad-accordion-content\">\r\n                        <div class=\"exad-accordion-content-wrapper has-image-no image-position-right\">\r\n                            <div class=\"exad-accordion-text\">\r\n                                <div> <\/div>\r\n                                                            <\/div>\r\n\r\n                            \r\n                        <\/div>\r\n                    <\/div>\r\n                <\/div>\r\n                                                <\/div>\r\n\t\t\t\t\t<\/div>\n\t\t\t\t<\/div>\n\t\t\t\t\t<\/div>\n\t\t<\/div>\n\t\t\t\t\t<\/div>\n\t\t<\/section>\n\t\t\t\t<\/div>","protected":false},"excerpt":{"rendered":"<p>Organisation administrative, t&acirc;ches universitaires et r&egrave;gles d&amp;#039;organisation et de fonctionnement &lt;\/h1&gt; La loi fondamentale, le volume horaire hebdomadaire d&amp;#039;enseignement et l&amp;#039;accompagnement p&eacute;dagogique de l&amp;#039;enseignant-chercheur &lt;\/h1&gt; \u0645\u0631\u0633\u0648\u0645 \u062a\u0646\u0641\u064a\u0630\u064a \u0631\u0642\u0645 03 &ndash; 279 \u0645\u0624\u0631\u0651\u062e \u0641\u064a 24 \u062c\u0645\u0627\u062f\u0649 \u0627\u0644\u062b\u0627\u0646\u064a\u0629 \u0639\u0627\u0645 1424 \u0627\u0644\u0645\u0648\u0627\u0641\u0642 3 \u0623\u063a\u0633\u0637\u0633 \u0633\u0646\u0629 2003 \u064a\u062d\u062f\u062f \u0645\u0647\u0627\u0645 \u0627\u0644\u062c\u0627\u0645\u0639\u0629 \u0648 \u0627\u0644\u0642\u0648\u0627\u0639\u062f \u0627\u0644\u062e\u0627\u0635\u0629 \u0628\u062a\u0646\u0638\u064a\u0645\u0647\u0627 \u0648\u0633\u064a\u0631\u0647\u0627. \u0642\u0631\u0627\u0631 \u0631\u0642\u0645 62 \u0645\u0624\u0631\u062e 04 \u0623\u0648\u062a 2004 \u064a\u062d\u062f\u062f \u062a\u0646\u0638\u064a\u0645 \u0627\u0644\u0625\u062f\u0627\u0631\u064a \u0644\u0645\u062f\u064a\u0631\u064a\u0629 \u0627\u0644\u062c\u0627\u0645\u0639\u0629 \u0648\u0627\u0644\u0643\u0644\u064a\u0629 \u0648\u0627\u0644\u0645\u0639\u0647\u062f \u0648\u0645\u0644\u062d\u0642\u0629 \u0627\u0644\u062c\u0627\u0645\u0639\u0629 \u0648\u0645\u0635\u0627\u0644\u062d\u0647\u0627 \u0627\u0644\u0645\u0634\u062a\u0631\u0643\u0629. \u0645\u0631\u0633\u0648\u0645 \u062a\u0646\u0641\u064a\u0630\u064a\u0651 \u0631\u0642\u0645 06 &ndash; 343 \u0645\u0624\u0631\u0651\u062e \u0641\u064a 4 \u0631\u0645\u0636\u0627\u0646 \u0639\u0627\u0645 1427 \u0627\u0644\u0645\u0648\u0627\u0641\u0642 27 \u0633\u0628\u062a\u0645\u0628\u0631 \u0633\u0646\u0629 2006 \u064a\u0639\u062f\u0644 \u0648\u064a\u062a\u0645\u0645 \u0627\u0644\u0645\u0631\u0633\u0648\u0645 \u0627\u0644\u062a\u0646\u0641\u064a\u0630\u064a \u0631\u0642\u0645 03 &ndash; 279 \u0627\u0644\u0645\u0624\u0631\u062e \u0641\u064a 24 \u062c\u0645\u0627\u062f\u0649 \u0627\u0644\u062b\u0627\u0646\u064a\u0629 \u0639\u0627\u0645 &hellip; <\/p>","protected":false},"author":19,"featured_media":0,"parent":0,"menu_order":0,"comment_status":"closed","ping_status":"closed","template":"","meta":{"footnotes":""},"class_list":["post-33809","page","type-page","status-publish","hentry"],"rttpg_featured_image_url":null,"rttpg_author":{"display_name":"Miloud Adjilm","author_link":"https:\/\/www.univ-eloued.dz\/fr\/author\/faridcen17\/"},"rttpg_comment":0,"rttpg_category":null,"rttpg_excerpt":"\u0627\u0644\u062a\u0646\u0638\u064a\u0645 \u0627\u0644\u0625\u062f\u0627\u0631\u064a \u0648 \u0645\u0647\u0627\u0645 \u0627\u0644\u062c\u0627\u0645\u0639\u0629 \u0648 \u0627\u0644\u0642\u0648\u0627\u0639\u062f \u0627\u0644\u062e\u0627\u0635\u0629 \u0628\u062a\u0646\u0638\u064a\u0645\u0647\u0627 \u0648\u0633\u064a\u0631\u0647\u0627 &lt;\/h1 &gt; \u0627\u0644\u0642\u0627\u0646\u0648\u0646 \u0627\u0644\u0623\u0633\u0627\u0633\u064a\u060c \u0627\u0644\u062d\u062c\u0645 \u0627\u0644\u0633\u0627\u0639\u064a \u0627\u0644\u0623\u0633\u0628\u0648\u0639\u064a \u0644\u0644\u062a\u062f\u0631\u064a\u0633\u060c \u0648 \u0627\u0644\u0645\u0631\u0627\u0641\u0642\u0629 \u0627\u0644\u0628\u064a\u062f\u0627\u063a\u0648\u062c\u064a\u0629 \u0644\u0644\u0623\u0633\u062a\u0627\u0630 \u0627\u0644\u0628\u0627\u062d\u062b &lt;\/h1 &gt; \u0645\u0631\u0633\u0648\u0645 \u062a\u0646\u0641\u064a\u0630\u064a \u0631\u0642\u0645 03 &#8211; 279 \u0645\u0624\u0631\u0651\u062e \u0641\u064a 24 \u062c\u0645\u0627\u062f\u0649 \u0627\u0644\u062b\u0627\u0646\u064a\u0629 \u0639\u0627\u0645 1424 \u0627\u0644\u0645\u0648\u0627\u0641\u0642 3 \u0623\u063a\u0633\u0637\u0633 \u0633\u0646\u0629 2003 \u064a\u062d\u062f\u062f \u0645\u0647\u0627\u0645 \u0627\u0644\u062c\u0627\u0645\u0639\u0629 \u0648 \u0627\u0644\u0642\u0648\u0627\u0639\u062f \u0627\u0644\u062e\u0627\u0635\u0629 \u0628\u062a\u0646\u0638\u064a\u0645\u0647\u0627 \u0648\u0633\u064a\u0631\u0647\u0627. \u0642\u0631\u0627\u0631 \u0631\u0642\u0645 62 \u0645\u0624\u0631\u062e\u2026","_links":{"self":[{"href":"https:\/\/www.univ-eloued.dz\/fr\/wp-json\/wp\/v2\/pages\/33809","targetHints":{"allow":["GET"]}}],"collection":[{"href":"https:\/\/www.univ-eloued.dz\/fr\/wp-json\/wp\/v2\/pages"}],"about":[{"href":"https:\/\/www.univ-eloued.dz\/fr\/wp-json\/wp\/v2\/types\/page"}],"author":[{"embeddable":true,"href":"https:\/\/www.univ-eloued.dz\/fr\/wp-json\/wp\/v2\/users\/19"}],"replies":[{"embeddable":true,"href":"https:\/\/www.univ-eloued.dz\/fr\/wp-json\/wp\/v2\/comments?post=33809"}],"version-history":[{"count":1,"href":"https:\/\/www.univ-eloued.dz\/fr\/wp-json\/wp\/v2\/pages\/33809\/revisions"}],"predecessor-version":[{"id":40043,"href":"https:\/\/www.univ-eloued.dz\/fr\/wp-json\/wp\/v2\/pages\/33809\/revisions\/40043"}],"wp:attachment":[{"href":"https:\/\/www.univ-eloued.dz\/fr\/wp-json\/wp\/v2\/media?parent=33809"}],"curies":[{"name":"wp","href":"https:\/\/api.w.org\/{rel}","templated":true}]}}