{"id":33262,"date":"2024-03-19T14:07:25","date_gmt":"2024-03-19T13:07:25","guid":{"rendered":"https:\/\/www.univ-eloued.dz\/?page_id=33262"},"modified":"2024-11-19T15:10:48","modified_gmt":"2024-11-19T14:10:48","slug":"short-term-internships-abroad-fonc","status":"publish","type":"page","link":"https:\/\/www.univ-eloued.dz\/fr\/stages-de-courte-duree-a-letranger-fonc\/","title":{"rendered":"Stages de courte dur\u00e9e \u00e0 l&#039;\u00e9tranger pour les salari\u00e9s"},"content":{"rendered":"<p><script type=\"text\/javascript\" src=\"https:\/\/form.jotform.com\/jsform\/241060161291545\"><\/script><\/p>","protected":false},"excerpt":{"rendered":"","protected":false},"author":1,"featured_media":0,"parent":0,"menu_order":0,"comment_status":"closed","ping_status":"closed","template":"","meta":{"footnotes":""},"class_list":["post-33262","page","type-page","status-publish","hentry"],"rttpg_featured_image_url":null,"rttpg_author":{"display_name":"Fai\u00e7al HIMA","author_link":"https:\/\/www.univ-eloued.dz\/fr\/author\/faical\/"},"rttpg_comment":0,"rttpg_category":null,"rttpg_excerpt":null,"_links":{"self":[{"href":"https:\/\/www.univ-eloued.dz\/fr\/wp-json\/wp\/v2\/pages\/33262","targetHints":{"allow":["GET"]}}],"collection":[{"href":"https:\/\/www.univ-eloued.dz\/fr\/wp-json\/wp\/v2\/pages"}],"about":[{"href":"https:\/\/www.univ-eloued.dz\/fr\/wp-json\/wp\/v2\/types\/page"}],"author":[{"embeddable":true,"href":"https:\/\/www.univ-eloued.dz\/fr\/wp-json\/wp\/v2\/users\/1"}],"replies":[{"embeddable":true,"href":"https:\/\/www.univ-eloued.dz\/fr\/wp-json\/wp\/v2\/comments?post=33262"}],"version-history":[{"count":1,"href":"https:\/\/www.univ-eloued.dz\/fr\/wp-json\/wp\/v2\/pages\/33262\/revisions"}],"predecessor-version":[{"id":40045,"href":"https:\/\/www.univ-eloued.dz\/fr\/wp-json\/wp\/v2\/pages\/33262\/revisions\/40045"}],"wp:attachment":[{"href":"https:\/\/www.univ-eloued.dz\/fr\/wp-json\/wp\/v2\/media?parent=33262"}],"curies":[{"name":"wp","href":"https:\/\/api.w.org\/{rel}","templated":true}]}}