{"id":27944,"date":"2024-01-09T11:03:48","date_gmt":"2024-01-09T10:03:48","guid":{"rendered":"https:\/\/www.univ-eloued.dz\/?page_id=27944"},"modified":"2024-09-15T09:10:27","modified_gmt":"2024-09-15T08:10:27","slug":"consultations","status":"publish","type":"page","link":"https:\/\/www.univ-eloued.dz\/fr\/consultations\/","title":{"rendered":"consultation"},"content":{"rendered":"<div data-elementor-type=\"wp-page\" data-elementor-id=\"27944\" class=\"elementor elementor-27944\" data-elementor-post-type=\"page\">\n\t\t\t\t<div class=\"elementor-element elementor-element-da4e5d5 e-flex e-con-boxed e-con e-parent\" data-id=\"da4e5d5\" data-element_type=\"container\" data-settings=\"{&quot;ekit_has_onepagescroll_dot&quot;:&quot;yes&quot;}\">\n\t\t\t\t\t<div class=\"e-con-inner\">\n\t\t\t\t<div class=\"elementor-element elementor-element-b9738a9 meta-visibility-show title_position_default title_hover_border_default title-default meta_position_default tpg-el-box-border-enable tpg-border-bottom-disable exad-sticky-section-no exad-glass-effect-no elementor-widget elementor-widget-tpg-grid-layout\" data-id=\"b9738a9\" data-element_type=\"widget\" data-settings=\"{&quot;ekit_we_effect_on&quot;:&quot;none&quot;}\" data-widget_type=\"tpg-grid-layout.default\">\n\t\t\t\t<div class=\"elementor-widget-container\">\n\t\t\t\t\t\t\t<div class=\"rt-container-fluid rt-tpg-container tpg-el-main-wrapper clearfix grid-layout1-main\"\n\t\t\t id=\"rt-tpg-container-3443724941\"\n\t\t\t data-layout=\"grid-layout1\"\n\t\t\t data-grid-style=\"tpg-full-height\"\n\t\t\t data-sc-id=\"elementor\"\n\t\t\t data-el-settings=''\n\t\t\t data-el-query=''\n\t\t\t data-el-path=''\n\t\t>\n\t\t\t\t\t\t<div class='tpg-header-wrapper'>\n\t\t\t\t\t\t\t<\/div>\n\n\t\t\t<div data-title=\"Loading ...\" class=\"rt-row rt-content-loader grid-layout1 grid-behaviour tpg-full-height grid_layout_wrapper\">\n\t\t\t\t<div class=\"rt-col-md-3 rt-col-sm-6 rt-col-xs-12 default rt-grid-item post-50316 post type-post status-publish format-standard hentry category-63 tag-2379 tag-2375 tag-2382 tag-2276 tag-2376 tag-2377 tag-2378 tag-2383 tag-39 tag-38 tag-2372\"\t\tdata-id=\"50316\">\n\t<div class=\"rt-holder tpg-post-holder\">\n\t\t<div class=\"rt-detail rt-el-content-wrapper\">\n\t\t\t\n\t\t\t<div class=\"entry-title-wrapper\"><h3 class=\"entry-title\"><a data-id=\"50316\" href=\"https:\/\/www.univ-eloued.dz\/fr\/1announcement_requests_offers\/\" class=\"tpg-post-link\" target=\"_self\">\u062c\u062f\u064a\u062f \u0627\u0644\u0625\u0633\u062a\u0634\u0627\u0631\u0627\u062a \u0648\u0627\u0644\u0635\u0641\u0642\u0627\u062a<\/a><\/h3><\/div>\n\t\t\t\t\t\t\t<div class=\"post-meta-tags rt-el-post-meta\">\n\t\t\t\t\t\t\t\t\t<\/div>\n\t\t\t\n\n\t\t\t\n\t\t\t\t\t<\/div>\n\t<\/div>\n<\/div>\n<div class=\"rt-col-md-3 rt-col-sm-6 rt-col-xs-12 default rt-grid-item post-52856 post type-post status-publish format-standard hentry category-63 tag-university-of-eloued tag-universute-deloued tag-3045 tag-3046 tag-39 tag-38\"\t\tdata-id=\"52856\">\n\t<div class=\"rt-holder tpg-post-holder\">\n\t\t<div class=\"rt-detail rt-el-content-wrapper\">\n\t\t\t\n\t\t\t<div class=\"entry-title-wrapper\"><h3 class=\"entry-title\"><a data-id=\"52856\" href=\"https:\/\/www.univ-eloued.dz\/fr\/announcement_requests_offers\/\" class=\"tpg-post-link\" target=\"_self\">\u062c\u062f\u064a\u062f \u0627\u0644\u0625\u0633\u062a\u0634\u0627\u0631\u0627\u062a \u0648\u0627\u0644\u0635\u0641\u0642\u0627\u062a<\/a><\/h3><\/div>\n\t\t\t\t\t\t\t<div class=\"post-meta-tags rt-el-post-meta\">\n\t\t\t\t\t\t\t\t\t<\/div>\n\t\t\t\n\n\t\t\t\n\t\t\t\t\t<\/div>\n\t<\/div>\n<\/div>\n<div class=\"rt-col-md-3 rt-col-sm-6 rt-col-xs-12 default rt-grid-item post-38713 post type-post status-publish format-standard hentry category-63 category-6 category-57 tag-1542 tag-38 tag-1541 tag-1577 tag-1463\"\t\tdata-id=\"38713\">\n\t<div class=\"rt-holder tpg-post-holder\">\n\t\t<div class=\"rt-detail rt-el-content-wrapper\">\n\t\t\t\n\t\t\t<div class=\"entry-title-wrapper\"><h3 class=\"entry-title\"><a data-id=\"38713\" href=\"https:\/\/www.univ-eloued.dz\/fr\/\u0625\u0639\u0644\u0627\u0646-\u0639\u0646-\u0645\u0646\u062d-\u0645\u0624\u0642\u062a-2024-02-\u0627\u0644\u062e\u0627\u0635\u0629-\u0628\u0627\/\" class=\"tpg-post-link\" target=\"_self\">Annonce des subventions temporaires pour consultation 2024\/02 pour les services sociaux<\/a><\/h3><\/div>\n\t\t\t\t\t\t\t<div class=\"post-meta-tags rt-el-post-meta\">\n\t\t\t\t\t\t\t\t\t<\/div>\n\t\t\t\n\n\t\t\t\n\t\t\t\t\t<\/div>\n\t<\/div>\n<\/div>\n<div class=\"rt-col-md-3 rt-col-sm-6 rt-col-xs-12 default rt-grid-item post-38318 post type-post status-publish format-standard hentry category-63 category-6 category-57 tag------02-2024- tag-1542 tag-38 tag-1541 tag-1463\"\t\tdata-id=\"38318\">\n\t<div class=\"rt-holder tpg-post-holder\">\n\t\t<div class=\"rt-detail rt-el-content-wrapper\">\n\t\t\t\n\t\t\t<div class=\"entry-title-wrapper\"><h3 class=\"entry-title\"><a data-id=\"38318\" href=\"https:\/\/www.univ-eloued.dz\/fr\/\u0625\u0639\u0644\u0627\u0646-\u0639\u0646-\u0627\u062c\u0631\u0627\u0621-2024-\u0627\u0644\u0645\u062a\u0639\u0644\u0642\u0629\/\" class=\"tpg-post-link\" target=\"_self\">Annonce du d\u00e9roulement de la Consultation n\u00b002\/2024 relative \u00e0 l&#039;organisation de la Omra de 15 jours au cours des mois d&#039;octobre et novembre de l&#039;ann\u00e9e 2024 au profit des salari\u00e9s de l&#039;Universit\u00e9 du Martyr Hama Lakhdar - El Oued -<\/a><\/h3><\/div>\n\t\t\t\t\t\t\t<div class=\"post-meta-tags rt-el-post-meta\">\n\t\t\t\t\t\t\t\t\t<\/div>\n\t\t\t\n\n\t\t\t\n\t\t\t\t\t<\/div>\n\t<\/div>\n<\/div>\n<div class=\"rt-col-md-3 rt-col-sm-6 rt-col-xs-12 default rt-grid-item post-37137 post type-post status-publish format-standard hentry category-63\"\t\tdata-id=\"37137\">\n\t<div class=\"rt-holder tpg-post-holder\">\n\t\t<div class=\"rt-detail rt-el-content-wrapper\">\n\t\t\t\n\t\t\t<div class=\"entry-title-wrapper\"><h3 class=\"entry-title\"><a data-id=\"37137\" href=\"https:\/\/www.univ-eloued.dz\/fr\/\u0627\u0644\u0625\u0639\u0644\u0627\u0646-\u0639\u0646-09-2024-\u0627\u0644\u0645\u062a\u0639\u0644\u0642\u0629-\u0628\u0627\u0642\u062a\/\" class=\"tpg-post-link\" target=\"_self\">Annonce de la consultation n\u00b009-2024 concernant l&#039;acquisition d&#039;\u00e9quipements et de mobilier p\u00e9dagogiques pour le Coll\u00e8ge des Sciences Exactes<\/a><\/h3><\/div>\n\t\t\t\t\t\t\t<div class=\"post-meta-tags rt-el-post-meta\">\n\t\t\t\t\t\t\t\t\t<\/div>\n\t\t\t\n\n\t\t\t\n\t\t\t\t\t<\/div>\n\t<\/div>\n<\/div>\n<div class=\"rt-col-md-3 rt-col-sm-6 rt-col-xs-12 default rt-grid-item post-34029 post type-post status-publish format-standard has-post-thumbnail hentry category-1402 category-6\"\t\tdata-id=\"34029\">\n\t<div class=\"rt-holder tpg-post-holder\">\n\t\t<div class=\"rt-detail rt-el-content-wrapper\">\n\t\t\t\n\t\t\t<div class=\"entry-title-wrapper\"><h3 class=\"entry-title\"><a data-id=\"34029\" href=\"https:\/\/www.univ-eloued.dz\/fr\/\u0627\u0644\u0625\u0633\u062a\u0634\u0627\u0631\u0629-\u0631\u0642\u0645-02-2024-\u0627\u0644\u0645\u062a\u0639\u0644\u0642\u0629-\u0628\u0627\u0644\u0628\u062d\u062b-\u0627\u0644\u0639\u0644\u0645\/\" class=\"tpg-post-link\" target=\"_self\">Consultation n\u00b002\/2024 relative \u00e0 la recherche scientifique et au d\u00e9veloppement technologique au profit du Coll\u00e8ge des Sciences Exactes<\/a><\/h3><\/div>\n\t\t\t\t\t\t\t<div class=\"post-meta-tags rt-el-post-meta\">\n\t\t\t\t\t\t\t\t\t<\/div>\n\t\t\t\n\n\t\t\t\n\t\t\t\t\t<\/div>\n\t<\/div>\n<\/div>\n<div class=\"rt-col-md-3 rt-col-sm-6 rt-col-xs-12 default rt-grid-item post-34009 post type-post status-publish format-standard has-post-thumbnail hentry category-1402 category-63 category-6\"\t\tdata-id=\"34009\">\n\t<div class=\"rt-holder tpg-post-holder\">\n\t\t<div class=\"rt-detail rt-el-content-wrapper\">\n\t\t\t\n\t\t\t<div class=\"entry-title-wrapper\"><h3 class=\"entry-title\"><a data-id=\"34009\" href=\"https:\/\/www.univ-eloued.dz\/fr\/\u0627\u0644\u0627\u0639\u0644\u0627\u0646-\u0639\u0646-\u0627\u0644\u0645\u0646\u062d-\u0627\u0644\u0645\u0624\u0642\u062a-\u0644\u0644\u0627\u0633\u062a\u0634\u0627\u0631\u0629-\u0631\u0642\u0645-01\/\" class=\"tpg-post-link\" target=\"_self\">Annonce de la subvention temporaire pour la consultation n\u00b001-2024 relative aux services d&#039;h\u00e9bergement et de restauration au profit de la Facult\u00e9 de droit et de sciences politiques<\/a><\/h3><\/div>\n\t\t\t\t\t\t\t<div class=\"post-meta-tags rt-el-post-meta\">\n\t\t\t\t\t\t\t\t\t<\/div>\n\t\t\t\n\n\t\t\t\n\t\t\t\t\t<\/div>\n\t<\/div>\n<\/div>\n<div class=\"rt-col-md-3 rt-col-sm-6 rt-col-xs-12 default rt-grid-item post-33888 post type-post status-publish format-standard has-post-thumbnail hentry category-1402 category-63 category-6\"\t\tdata-id=\"33888\">\n\t<div class=\"rt-holder tpg-post-holder\">\n\t\t<div class=\"rt-detail rt-el-content-wrapper\">\n\t\t\t\n\t\t\t<div class=\"entry-title-wrapper\"><h3 class=\"entry-title\"><a data-id=\"33888\" href=\"https:\/\/www.univ-eloued.dz\/fr\/\u0627\u0644\u0627\u0639\u0644\u0627\u0646-\u0639\u0646-\u0627\u0644\u0627\u0633\u062a\u0634\u0627\u0631\u0629-\u0631\u0642\u0645-01-2024-\u0627\u0644\u0645\u062a\u0639\u0644\u0642\u0629-\u0628\u062e\/\" class=\"tpg-post-link\" target=\"_self\">Avis de consultation n\u00b001-2024 relative aux prestations de restauration et d&#039;h\u00f4tellerie au profit du Coll\u00e8ge des Sciences Exactes<\/a><\/h3><\/div>\n\t\t\t\t\t\t\t<div class=\"post-meta-tags rt-el-post-meta\">\n\t\t\t\t\t\t\t\t\t<\/div>\n\t\t\t\n\n\t\t\t\n\t\t\t\t\t<\/div>\n\t<\/div>\n<\/div>\n<div class=\"rt-col-md-3 rt-col-sm-6 rt-col-xs-12 default rt-grid-item post-27940 post type-post status-publish format-standard hentry category-63 category-6 category-univ_eloued tag-univ-of-eloued tag------01-2023- tag-39 tag-38\"\t\tdata-id=\"27940\">\n\t<div class=\"rt-holder tpg-post-holder\">\n\t\t<div class=\"rt-detail rt-el-content-wrapper\">\n\t\t\t\n\t\t\t<div class=\"entry-title-wrapper\"><h3 class=\"entry-title\"><a data-id=\"27940\" href=\"https:\/\/www.univ-eloued.dz\/fr\/fsi\/\" class=\"tpg-post-link\" target=\"_self\">Avis de consultation n\u00b001\/2023 relative \u00e0 l&#039;entretien et \u00e0 la restauration des b\u00e2timents administratifs et p\u00e9dagogiques du Coll\u00e8ge des Sciences Islamiques<\/a><\/h3><\/div>\n\t\t\t\t\t\t\t<div class=\"post-meta-tags rt-el-post-meta\">\n\t\t\t\t\t\t\t\t\t<\/div>\n\t\t\t\n\n\t\t\t\n\t\t\t\t\t<\/div>\n\t<\/div>\n<\/div>\n<div class=\"rt-col-md-3 rt-col-sm-6 rt-col-xs-12 default rt-grid-item post-27936 post type-post status-publish format-standard hentry category-63 category-6 category-univ_eloued tag-univ-of-eloued tag------01-2023- tag-39 tag-38\"\t\tdata-id=\"27936\">\n\t<div class=\"rt-holder tpg-post-holder\">\n\t\t<div class=\"rt-detail rt-el-content-wrapper\">\n\t\t\t\n\t\t\t<div class=\"entry-title-wrapper\"><h3 class=\"entry-title\"><a data-id=\"27936\" href=\"https:\/\/www.univ-eloued.dz\/fr\/isi\/\" class=\"tpg-post-link\" target=\"_self\">Avis de consultation n\u00b001\/2022 concernant la r\u00e9habilitation et la pr\u00e9paration de certains lieux \u00e0 l&#039;Institut des Sciences Islamiques<\/a><\/h3><\/div>\n\t\t\t\t\t\t\t<div class=\"post-meta-tags rt-el-post-meta\">\n\t\t\t\t\t\t\t\t\t<\/div>\n\t\t\t\n\n\t\t\t\n\t\t\t\t\t<\/div>\n\t<\/div>\n<\/div>\n<div class=\"rt-col-md-3 rt-col-sm-6 rt-col-xs-12 default rt-grid-item post-27933 post type-post status-publish format-standard hentry category-63 category-6 category-univ_eloued tag-univ-of-eloued tag------01-2023- tag-39 tag-38\"\t\tdata-id=\"27933\">\n\t<div class=\"rt-holder tpg-post-holder\">\n\t\t<div class=\"rt-detail rt-el-content-wrapper\">\n\t\t\t\n\t\t\t<div class=\"entry-title-wrapper\"><h3 class=\"entry-title\"><a data-id=\"27933\" href=\"https:\/\/www.univ-eloued.dz\/fr\/soci01\/\" class=\"tpg-post-link\" target=\"_self\">Annonce de la conduite de la consultation n\u00b001\/2023 relative \u00e0 l&#039;entretien et \u00e0 la restauration des b\u00e2timents du Comit\u00e9 des services sociaux de l&#039;Universit\u00e9 de Shahid Hama Lakhdar, annonc\u00e9e le 24\/08\/2023.<\/a><\/h3><\/div>\n\t\t\t\t\t\t\t<div class=\"post-meta-tags rt-el-post-meta\">\n\t\t\t\t\t\t\t\t\t<\/div>\n\t\t\t\n\n\t\t\t\n\t\t\t\t\t<\/div>\n\t<\/div>\n<\/div>\n\t\t\t<\/div>\n\t\t\t\n\t\t<\/div>\n\t\t\t\t\t\t<\/div>\n\t\t\t\t<\/div>\n\t\t\t\t\t<\/div>\n\t\t\t\t<\/div>\n\t\t\t\t<\/div>","protected":false},"excerpt":{"rendered":"<p>Avis de r\u00e9alisation d&#039;un appel d&#039;offres national ouvert avec exigence de capacit\u00e9s minimales n\u00b0 2024\/05 Avis de consultation n\u00b0 09-2024 relatif \u00e0 l&#039;acquisition d&#039;\u00e9quipements et de mobilier p\u00e9dagogiques pour le Coll\u00e8ge des Sciences Exactes Consultation n\u00b0 02\/2024 relative \u00e0 \u00e0 la recherche scientifique et au d\u00e9veloppement technologique au profit de la Facult\u00e9 des Sciences Exactes Annonce de subventions temporaires pour la Consultation n\u00b0 01-2024 relative \u00e0 l&#039;h\u00e9bergement et \u00e0 la restauration au profit de la Facult\u00e9 de Droit et de Sciences Politiques Annonce de. Consultation n\u00b001-2024 relative aux services de restauration et d&#039;h\u00f4tellerie au profit du Coll\u00e8ge des Sciences Exactes Annonce de la conduite de la Consultation n\u00b001\/2023 relative \u00e0 l&#039;entretien et \u00e0 la restauration des b\u00e2timents administratifs et p\u00e9dagogiques du Coll\u00e8ge des Sciences Islamiques. . Annonce du d\u00e9roulement de la Consultation n\u00b001\/2022 relative \u00e0 la r\u00e9habilitation et \u00e0 la pr\u00e9paration de certains lieux de l&#039;Institut\u2026 <\/p>","protected":false},"author":1,"featured_media":0,"parent":0,"menu_order":35,"comment_status":"closed","ping_status":"closed","template":"","meta":{"footnotes":""},"class_list":["post-27944","page","type-page","status-publish","hentry"],"rttpg_featured_image_url":null,"rttpg_author":{"display_name":"Fai\u00e7al HIMA","author_link":"https:\/\/www.univ-eloued.dz\/fr\/author\/faical\/"},"rttpg_comment":0,"rttpg_category":"","rttpg_excerpt":"\u0625\u0639\u0644\u0627\u0646 \u0639\u0646 \u0627\u062c\u0631\u0627\u0621 \u0637\u0644\u0628 \u0639\u0631\u0648\u0636 \u0648\u0637\u0646\u064a \u0645\u0641\u062a\u0648\u062d \u0645\u0639 \u0627\u0634\u062a\u0631\u0627\u0637 \u0642\u062f\u0631\u0627\u062a \u062f\u0646\u064a\u0627 \u0631\u0642\u0645 2024\/05 \u0627\u0644\u0625\u0639\u0644\u0627\u0646 \u0639\u0646 \u0627\u0633\u062a\u0634\u0627\u0631\u0629 \u0631\u0642\u0645 09-2024 \u0627\u0644\u0645\u062a\u0639\u0644\u0642\u0629 \u0628\u0627\u0642\u062a\u0646\u0627\u0621 \u0639\u062a\u0627\u062f \u0648\u0623\u062b\u0627\u062b \u0627\u0644\u0628\u064a\u062f\u0627\u063a\u0648\u062c\u064a\u0627 \u0644\u0643\u0644\u064a\u0629 \u0627\u0644\u0639\u0644\u0648\u0645 \u0627\u0644\u062f\u0642\u064a\u0642\u0629 \u0627\u0644\u0625\u0633\u062a\u0634\u0627\u0631\u0629 \u0631\u0642\u0645 02\/2024 \u0627\u0644\u0645\u062a\u0639\u0644\u0642\u0629 \u0628\u0627\u0644\u0628\u062d\u062b \u0627\u0644\u0639\u0644\u0645\u064a \u0648\u0627\u0644\u062a\u0637\u0648\u064a\u0631 \u0627\u0644\u062a\u0643\u0646\u0648\u0644\u0648\u062c\u064a \u0644\u0641\u0627\u0626\u062f\u0629 \u0643\u0644\u064a\u0629 \u0627\u0644\u0639\u0644\u0648\u0645 \u0627\u0644\u062f\u0642\u064a\u0642\u0629 \u0627\u0644\u0627\u0639\u0644\u0627\u0646 \u0639\u0646 \u0627\u0644\u0645\u0646\u062d \u0627\u0644\u0645\u0624\u0642\u062a \u0644\u0644\u0627\u0633\u062a\u0634\u0627\u0631\u0629 \u0631\u0642\u0645 01-2024 \u0627\u0644\u0645\u062a\u0639\u0644\u0642\u0629 \u0628\u062e\u062f\u0645\u0627\u062a \u0627\u0644\u0627\u064a\u0648\u0627\u0621 \u0648 \u0627\u0644\u0627\u0637\u0639\u0627\u0645 \u0644\u0641\u0627\u0626\u062f\u0629 \u0643\u0644\u064a\u0629 \u0627\u0644\u062d\u0642\u0648\u0642 \u0648\u0627\u0644\u0639\u0644\u0648\u0645 \u0627\u0644\u0633\u064a\u0627\u0633\u064a\u0629\u2026","_links":{"self":[{"href":"https:\/\/www.univ-eloued.dz\/fr\/wp-json\/wp\/v2\/pages\/27944","targetHints":{"allow":["GET"]}}],"collection":[{"href":"https:\/\/www.univ-eloued.dz\/fr\/wp-json\/wp\/v2\/pages"}],"about":[{"href":"https:\/\/www.univ-eloued.dz\/fr\/wp-json\/wp\/v2\/types\/page"}],"author":[{"embeddable":true,"href":"https:\/\/www.univ-eloued.dz\/fr\/wp-json\/wp\/v2\/users\/1"}],"replies":[{"embeddable":true,"href":"https:\/\/www.univ-eloued.dz\/fr\/wp-json\/wp\/v2\/comments?post=27944"}],"version-history":[{"count":3,"href":"https:\/\/www.univ-eloued.dz\/fr\/wp-json\/wp\/v2\/pages\/27944\/revisions"}],"predecessor-version":[{"id":37996,"href":"https:\/\/www.univ-eloued.dz\/fr\/wp-json\/wp\/v2\/pages\/27944\/revisions\/37996"}],"wp:attachment":[{"href":"https:\/\/www.univ-eloued.dz\/fr\/wp-json\/wp\/v2\/media?parent=27944"}],"curies":[{"name":"wp","href":"https:\/\/api.w.org\/{rel}","templated":true}]}}