{"id":1949,"date":"2021-09-30T11:26:28","date_gmt":"2021-09-30T10:26:28","guid":{"rendered":"https:\/\/www.univ-eloued.dz\/?page_id=1949"},"modified":"2024-11-19T15:15:01","modified_gmt":"2024-11-19T14:15:01","slug":"emai_requ","status":"publish","type":"page","link":"https:\/\/www.univ-eloued.dz\/fr\/emai_requ\/","title":{"rendered":"Demande par email"},"content":{"rendered":"<div data-elementor-type=\"wp-page\" data-elementor-id=\"1949\" class=\"elementor elementor-1949\" data-elementor-post-type=\"page\">\n\t\t\t\t\t\t<section class=\"elementor-section elementor-top-section elementor-element elementor-element-f584415 elementor-section-full_width elementor-section-height-default elementor-section-height-default exad-glass-effect-no exad-sticky-section-no\" data-id=\"f584415\" data-element_type=\"section\" data-settings=\"{&quot;ekit_has_onepagescroll_dot&quot;:&quot;yes&quot;}\">\n\t\t\t\t\t\t<div class=\"elementor-container elementor-column-gap-default\">\n\t\t\t\t\t<div class=\"elementor-column elementor-col-25 elementor-top-column elementor-element elementor-element-c32baa7 exad-glass-effect-no exad-sticky-section-no\" data-id=\"c32baa7\" data-element_type=\"column\">\n\t\t\t<div class=\"elementor-widget-wrap\">\n\t\t\t\t\t\t\t<\/div>\n\t\t<\/div>\n\t\t\t\t<div class=\"elementor-column elementor-col-50 elementor-top-column elementor-element elementor-element-4524f6e exad-glass-effect-no exad-sticky-section-no\" data-id=\"4524f6e\" data-element_type=\"column\">\n\t\t\t<div class=\"elementor-widget-wrap elementor-element-populated\">\n\t\t\t\t\t\t<div class=\"elementor-element elementor-element-3b3d010 exad-sticky-section-no exad-glass-effect-no elementor-widget elementor-widget-heading\" data-id=\"3b3d010\" data-element_type=\"widget\" data-settings=\"{&quot;ekit_we_effect_on&quot;:&quot;none&quot;}\" data-widget_type=\"heading.default\">\n\t\t\t\t<div class=\"elementor-widget-container\">\n\t\t\t\t\t<h1 class=\"elementor-heading-title elementor-size-default\">Demande par email\n<\/h1>\t\t\t\t<\/div>\n\t\t\t\t<\/div>\n\t\t\t\t<div class=\"elementor-element elementor-element-e3315e0 exad-sticky-section-no exad-glass-effect-no elementor-widget elementor-widget-text-editor\" data-id=\"e3315e0\" data-element_type=\"widget\" data-settings=\"{&quot;ekit_we_effect_on&quot;:&quot;none&quot;}\" data-widget_type=\"text-editor.default\">\n\t\t\t\t<div class=\"elementor-widget-container\">\n\t\t\t\t\t\t\t\t\t<div id=\"content\">\n<div id=\"maincontent\">\n<div class=\"item-page\">\n<div>\n<p><span style=\"color: #000000;\"><strong>\u00a0<span style=\"font-size: 20px;\"> Tous les professeurs d\u2019universit\u00e9, ainsi que les organisateurs de forums organis\u00e9s au niveau universitaire (au nom du forum), peuvent b\u00e9n\u00e9ficier d\u2019une adresse e-mail affili\u00e9e au site Internet de l\u2019universit\u00e9 sous la forme :\u00a0 <span id=\"cloakc1c5848ff1540bfe290ae3f337bad7a7\" style=\"color: #ff0000;\"><a style=\"color: #ff0000;\" href=\"mailto:you@univ-eloued.dz\">vous@univ-eloued.dz<\/a><\/span>\u00a0 Cela se fait en remplissant le formulaire ci-joint \u00e0 l&#039;aide du programme Adobe Acrobat Reader, en le faisant approuver par le doyen du Coll\u00e8ge et en l&#039;envoyant ou en le d\u00e9posant \u00e0 la Direction de l&#039;enseignement t\u00e9l\u00e9vis\u00e9 et \u00e0 distance (premier \u00e9tage de la Biblioth\u00e8que centrale). <\/span><\/strong><\/span><\/p>\n<p><span style=\"color: #000000; font-size: 20px;\"><strong>\u00a0<\/strong><\/span><\/p>\n<p style=\"text-align: center;\"><span style=\"text-decoration: underline; font-size: 20px;\"><span style=\"color: #333333;\"><strong>T\u00e9l\u00e9chargements\u00a0:<\/strong><\/span><\/span><\/p>\n<p><span style=\"color: #008000; font-size: 20px;\"><strong><a style=\"color: #008000;\" href=\"https:\/\/www.univ-eloued.dz\/ar\/wp-content\/uploads\/PDF\/professors-form.pdf\" target=\"_blank\" rel=\"noopener\">\u00a0\u2013 T\u00e9l\u00e9chargez le formulaire des professeurs <\/a><\/strong><\/span><\/p>\n<p><span style=\"color: #008000; font-size: 20px;\"><strong><a style=\"color: #008000;\" href=\"https:\/\/www.univ-eloued.dz\/ar\/wp-content\/uploads\/PDF\/meeting-form.pdf\" target=\"_blank\" rel=\"noopener\">\u2013 T\u00e9l\u00e9chargez le formulaire de conf\u00e9rence <\/a><\/strong><\/span><\/p>\n<p><span style=\"color: #008000; font-size: 20px;\"><strong><a style=\"color: #008000;\" href=\"https:\/\/www.univ-eloued.dz\/ar\/wp-content\/uploads\/PDF\/Administrators-form.pdf\" target=\"_blank\" rel=\"noopener\">\u2013 T\u00e9l\u00e9charger le formulaire des agents administratifs<\/a><\/strong><\/span><\/p>\n<\/div>\n<\/div>\n<\/div>\n<\/div>\t\t\t\t\t\t\t\t<\/div>\n\t\t\t\t<\/div>\n\t\t\t\t\t<\/div>\n\t\t<\/div>\n\t\t\t\t<div class=\"elementor-column elementor-col-25 elementor-top-column elementor-element elementor-element-2dd2735 exad-glass-effect-no exad-sticky-section-no\" data-id=\"2dd2735\" data-element_type=\"column\">\n\t\t\t<div class=\"elementor-widget-wrap\">\n\t\t\t\t\t\t\t<\/div>\n\t\t<\/div>\n\t\t\t\t\t<\/div>\n\t\t<\/section>\n\t\t\t\t<\/div>","protected":false},"excerpt":{"rendered":"<p>\u0637\u0644\u0628 \u0628\u0631\u064a\u062f \u0627\u0644\u0643\u062a\u0631\u0648\u0646\u064a \u00a0 \u064a\u0645\u0643\u0646 \u0644\u0643\u0627\u0641\u0629 \u0623\u0633\u0627\u062a\u0630\u0629 \u0627\u0644\u062c\u0627\u0645\u0639\u0629 \u0648 \u0643\u0630\u0627 \u0645\u0624\u0637\u0631\u064a \u0627\u0644\u0645\u0644\u062a\u0642\u064a\u0627\u062a \u0627\u0644\u062a\u064a \u062a\u0642\u0627\u0645 \u0639\u0644\u0649 \u0645\u0633\u062a\u0648\u0649 \u0627\u0644\u062c\u0627\u0645\u0639\u0629 (\u0628\u0625\u0633\u0645 \u0627\u0644\u0645\u0644\u062a\u0642\u0649) \u0627\ufef9\u0633\u062a\u0641\u0627\u062f\u0629 \u0645\u0646 \u0639\u0646\u0648\u0627\u0646 \u0628\u0631\u064a\u062f \u0625\u0644\u0643\u062a\u0631\u0648\u0646\u064a \u062a\u0627\u0628\u0639 \u0644\u0645\u0648\u0642\u0639 \u0627\u0644\u062c\u0627\u0645\u0639\u0629 \u0639\u0644\u0649 \u0634\u0643\u0644 :\u00a0 you@univ-eloued.dz\u00a0 \u0648 \u0630\u0644\u0643 \u0628\u0645\u0644\u0626 \u0627\ufef9\u0633\u062a\u0645\u0627\u0631\u0629 \u0627\u0644\u0645\u0631\u0641\u0642\u0629 \u0628\u0648\u0627\u0633\u0637\u0629 \u0628\u0631\u0646\u0627\u0645\u062c adobe acrobat reader \u0648 \u0627\u0644\u0645\u0635\u0627\u062f\u0642\u0629 \u0639\u0644\u064a\u0647\u0627 \u0645\u0646 \u0637\u0631\u0641 \u0639\u0645\u064a\u062f \u0627\u0644\u0643\u0644\u064a\u0629 \u0648 \u062a\u0631\u0633\u0644 \u0623\u0648 \u062a\u0648\u062f\u0639 \u0644\u062f\u0649\u00a0\u0641\u0631\u0639 \u0627\u0644\u062a\u0639\u0644\u064a\u0645 \u0627\u0644\u0645\u062a\u0644\u0641\u0632 \u0648\u0627\u0644\u062a\u0639\u0644\u064a\u0645 \u0639\u0646 \u0628\u0639\u062f ( \u0627\u0644\u0637\u0627\u0628\u0642 \u0627\u0644\u0623\u0648\u0644 \u0628\u0627\u0644\u0645\u0643\u062a\u0628\u0629 \u0627\u0644\u0645\u0631\u0643\u0632\u064a\u0629 ) . \u00a0 \u0627\u0644\u062a\u062d\u0645\u064a\u0644\u0627\u062a: \u00a0&#8211; \u062a\u062d\u0645\u064a\u0644 \u0627\u0633\u062a\u0645\u0627\u0631\u0629 \u0627\ufef7\u0633\u0627\u062a\u0630\u0629 &#8211; \u062a\u062d\u0645\u064a\u0644 \u0627\u0633\u062a\u0645\u0627\u0631\u0629 \u0627\u0644\u0645\u0644\u062a\u0642\u064a\u0627\u062a &#8211; \u062a\u062d\u0645\u064a\u0644 \u0627\u0633\u062a\u0645\u0627\u0631\u0629 \u0627\u0644\u0645\u0633\u0624\u0648\u0644\u064a\u0646 \u0627\ufef9\u062f\u0627\u0631\u064a\u064a\u0646<\/p>","protected":false},"author":1,"featured_media":0,"parent":0,"menu_order":7,"comment_status":"closed","ping_status":"closed","template":"elementor_header_footer","meta":{"footnotes":""},"class_list":["post-1949","page","type-page","status-publish","hentry"],"rttpg_featured_image_url":null,"rttpg_author":{"display_name":"Fai\u00e7al HIMA","author_link":"https:\/\/www.univ-eloued.dz\/fr\/author\/faical\/"},"rttpg_comment":0,"rttpg_category":null,"rttpg_excerpt":"\u0637\u0644\u0628 \u0628\u0631\u064a\u062f \u0627\u0644\u0643\u062a\u0631\u0648\u0646\u064a \u00a0 \u064a\u0645\u0643\u0646 \u0644\u0643\u0627\u0641\u0629 \u0623\u0633\u0627\u062a\u0630\u0629 \u0627\u0644\u062c\u0627\u0645\u0639\u0629 \u0648 \u0643\u0630\u0627 \u0645\u0624\u0637\u0631\u064a \u0627\u0644\u0645\u0644\u062a\u0642\u064a\u0627\u062a \u0627\u0644\u062a\u064a \u062a\u0642\u0627\u0645 \u0639\u0644\u0649 \u0645\u0633\u062a\u0648\u0649 \u0627\u0644\u062c\u0627\u0645\u0639\u0629 (\u0628\u0625\u0633\u0645 \u0627\u0644\u0645\u0644\u062a\u0642\u0649) \u0627\ufef9\u0633\u062a\u0641\u0627\u062f\u0629 \u0645\u0646 \u0639\u0646\u0648\u0627\u0646 \u0628\u0631\u064a\u062f \u0625\u0644\u0643\u062a\u0631\u0648\u0646\u064a \u062a\u0627\u0628\u0639 \u0644\u0645\u0648\u0642\u0639 \u0627\u0644\u062c\u0627\u0645\u0639\u0629 \u0639\u0644\u0649 \u0634\u0643\u0644 :\u00a0 you@univ-eloued.dz\u00a0 \u0648 \u0630\u0644\u0643 \u0628\u0645\u0644\u0626 \u0627\ufef9\u0633\u062a\u0645\u0627\u0631\u0629 \u0627\u0644\u0645\u0631\u0641\u0642\u0629 \u0628\u0648\u0627\u0633\u0637\u0629 \u0628\u0631\u0646\u0627\u0645\u062c adobe acrobat reader \u0648 \u0627\u0644\u0645\u0635\u0627\u062f\u0642\u0629 \u0639\u0644\u064a\u0647\u0627 \u0645\u0646 \u0637\u0631\u0641 \u0639\u0645\u064a\u062f \u0627\u0644\u0643\u0644\u064a\u0629 \u0648 \u062a\u0631\u0633\u0644 \u0623\u0648 \u062a\u0648\u062f\u0639 \u0644\u062f\u0649\u00a0\u0641\u0631\u0639 \u0627\u0644\u062a\u0639\u0644\u064a\u0645 \u0627\u0644\u0645\u062a\u0644\u0641\u0632\u2026","_links":{"self":[{"href":"https:\/\/www.univ-eloued.dz\/fr\/wp-json\/wp\/v2\/pages\/1949","targetHints":{"allow":["GET"]}}],"collection":[{"href":"https:\/\/www.univ-eloued.dz\/fr\/wp-json\/wp\/v2\/pages"}],"about":[{"href":"https:\/\/www.univ-eloued.dz\/fr\/wp-json\/wp\/v2\/types\/page"}],"author":[{"embeddable":true,"href":"https:\/\/www.univ-eloued.dz\/fr\/wp-json\/wp\/v2\/users\/1"}],"replies":[{"embeddable":true,"href":"https:\/\/www.univ-eloued.dz\/fr\/wp-json\/wp\/v2\/comments?post=1949"}],"version-history":[{"count":1,"href":"https:\/\/www.univ-eloued.dz\/fr\/wp-json\/wp\/v2\/pages\/1949\/revisions"}],"predecessor-version":[{"id":40055,"href":"https:\/\/www.univ-eloued.dz\/fr\/wp-json\/wp\/v2\/pages\/1949\/revisions\/40055"}],"wp:attachment":[{"href":"https:\/\/www.univ-eloued.dz\/fr\/wp-json\/wp\/v2\/media?parent=1949"}],"curies":[{"name":"wp","href":"https:\/\/api.w.org\/{rel}","templated":true}]}}