{"id":18019,"date":"2023-02-20T12:09:50","date_gmt":"2023-02-20T11:09:50","guid":{"rendered":"https:\/\/www.univ-eloued.dz\/?page_id=18019"},"modified":"2024-02-29T15:31:25","modified_gmt":"2024-02-29T14:31:25","slug":"budget_reform","status":"publish","type":"page","link":"https:\/\/www.univ-eloued.dz\/fr\/reforme_budget\/","title":{"rendered":"R\u00e9forme budg\u00e9taire"},"content":{"rendered":"<div data-elementor-type=\"wp-page\" data-elementor-id=\"18019\" class=\"elementor elementor-18019\" data-elementor-post-type=\"page\">\n\t\t\t\t\t\t<section class=\"elementor-section elementor-top-section elementor-element elementor-element-6e770b1 elementor-section-boxed elementor-section-height-default elementor-section-height-default exad-glass-effect-no exad-sticky-section-no\" data-id=\"6e770b1\" data-element_type=\"section\" data-settings=\"{&quot;ekit_has_onepagescroll_dot&quot;:&quot;yes&quot;}\">\n\t\t\t\t\t\t<div class=\"elementor-container elementor-column-gap-default\">\n\t\t\t\t\t<div class=\"elementor-column elementor-col-100 elementor-top-column elementor-element elementor-element-d314011 exad-glass-effect-no exad-sticky-section-no\" data-id=\"d314011\" data-element_type=\"column\">\n\t\t\t<div class=\"elementor-widget-wrap elementor-element-populated\">\n\t\t\t\t\t\t<div class=\"elementor-element elementor-element-d278178 exad-sticky-section-no exad-glass-effect-no elementor-widget elementor-widget-heading\" data-id=\"d278178\" data-element_type=\"widget\" data-settings=\"{&quot;ekit_we_effect_on&quot;:&quot;none&quot;}\" data-widget_type=\"heading.default\">\n\t\t\t\t<div class=\"elementor-widget-container\">\n\t\t\t\t\t<h1 class=\"elementor-heading-title elementor-size-default\">R\u00e9forme budg\u00e9taire<\/h1>\t\t\t\t<\/div>\n\t\t\t\t<\/div>\n\t\t\t\t\t<\/div>\n\t\t<\/div>\n\t\t\t\t\t<\/div>\n\t\t<\/section>\n\t\t\t\t<section class=\"elementor-section elementor-top-section elementor-element elementor-element-04a3e97 elementor-section-full_width elementor-section-height-default elementor-section-height-default exad-glass-effect-no exad-sticky-section-no\" data-id=\"04a3e97\" data-element_type=\"section\" data-settings=\"{&quot;ekit_has_onepagescroll_dot&quot;:&quot;yes&quot;}\">\n\t\t\t\t\t\t<div class=\"elementor-container elementor-column-gap-default\">\n\t\t\t\t\t<div class=\"elementor-column elementor-col-16 elementor-top-column elementor-element elementor-element-45f3a41 exad-glass-effect-no exad-sticky-section-no\" data-id=\"45f3a41\" data-element_type=\"column\">\n\t\t\t<div class=\"elementor-widget-wrap\">\n\t\t\t\t\t\t\t<\/div>\n\t\t<\/div>\n\t\t\t\t<div class=\"elementor-column elementor-col-16 elementor-top-column elementor-element elementor-element-18ba2f4 exad-glass-effect-no exad-sticky-section-no\" data-id=\"18ba2f4\" data-element_type=\"column\">\n\t\t\t<div class=\"elementor-widget-wrap elementor-element-populated\">\n\t\t\t\t\t\t<div class=\"elementor-element elementor-element-e464a60 exad-sticky-section-no exad-glass-effect-no elementor-widget elementor-widget-heading\" data-id=\"e464a60\" data-element_type=\"widget\" data-settings=\"{&quot;ekit_we_effect_on&quot;:&quot;none&quot;}\" data-widget_type=\"heading.default\">\n\t\t\t\t<div class=\"elementor-widget-container\">\n\t\t\t\t\t<h2 class=\"elementor-heading-title elementor-size-default\"><a href=\"https:\/\/www.univ-eloued.dz\/fr\/lart\/\">Textes l\u00e9gislatifs et r\u00e9glementaires\n\n<\/a><\/h2>\t\t\t\t<\/div>\n\t\t\t\t<\/div>\n\t\t\t\t\t<\/div>\n\t\t<\/div>\n\t\t\t\t<div class=\"elementor-column elementor-col-16 elementor-top-column elementor-element elementor-element-61770f9 exad-glass-effect-no exad-sticky-section-no\" data-id=\"61770f9\" data-element_type=\"column\">\n\t\t\t<div class=\"elementor-widget-wrap elementor-element-populated\">\n\t\t\t\t\t\t<div class=\"elementor-element elementor-element-81ec5a5 exad-sticky-section-no exad-glass-effect-no elementor-widget elementor-widget-heading\" data-id=\"81ec5a5\" data-element_type=\"widget\" data-settings=\"{&quot;ekit_we_effect_on&quot;:&quot;none&quot;}\" data-widget_type=\"heading.default\">\n\t\t\t\t<div class=\"elementor-widget-container\">\n\t\t\t\t\t<h2 class=\"elementor-heading-title elementor-size-default\"><a href=\"https:\/\/www.univ-eloued.dz\/fr\/olrgfl\/\">Loi Organique Guide de R\u00e9f\u00e9rence des Lois de Finances\n\n\n<\/a><\/h2>\t\t\t\t<\/div>\n\t\t\t\t<\/div>\n\t\t\t\t\t<\/div>\n\t\t<\/div>\n\t\t\t\t<div class=\"elementor-column elementor-col-16 elementor-top-column elementor-element elementor-element-57a7826 exad-glass-effect-no exad-sticky-section-no\" data-id=\"57a7826\" data-element_type=\"column\">\n\t\t\t<div class=\"elementor-widget-wrap elementor-element-populated\">\n\t\t\t\t\t\t<div class=\"elementor-element elementor-element-e327f8e exad-sticky-section-no exad-glass-effect-no elementor-widget elementor-widget-heading\" data-id=\"e327f8e\" data-element_type=\"widget\" data-settings=\"{&quot;ekit_we_effect_on&quot;:&quot;none&quot;}\" data-widget_type=\"heading.default\">\n\t\t\t\t<div class=\"elementor-widget-container\">\n\t\t\t\t\t<h2 class=\"elementor-heading-title elementor-size-default\"><a href=\"https:\/\/www.univ-eloued.dz\/fr\/wcbr\/\">Contributions \u00e9crites sur la r\u00e9forme budg\u00e9taire\n\n<\/a><\/h2>\t\t\t\t<\/div>\n\t\t\t\t<\/div>\n\t\t\t\t\t<\/div>\n\t\t<\/div>\n\t\t\t\t<div class=\"elementor-column elementor-col-16 elementor-top-column elementor-element elementor-element-eff065c exad-glass-effect-no exad-sticky-section-no\" data-id=\"eff065c\" data-element_type=\"column\">\n\t\t\t<div class=\"elementor-widget-wrap elementor-element-populated\">\n\t\t\t\t\t\t<div class=\"elementor-element elementor-element-9ba6d96 exad-sticky-section-no exad-glass-effect-no elementor-widget elementor-widget-heading\" data-id=\"9ba6d96\" data-element_type=\"widget\" data-settings=\"{&quot;ekit_we_effect_on&quot;:&quot;none&quot;}\" data-widget_type=\"heading.default\">\n\t\t\t\t<div class=\"elementor-widget-container\">\n\t\t\t\t\t<h2 class=\"elementor-heading-title elementor-size-default\"><a href=\"https:\/\/www.univ-eloued.dz\/fr\/inabm\/\">Interventions sur la nouvelle approche de la gestion budg\u00e9taire\n<\/a><\/h2>\t\t\t\t<\/div>\n\t\t\t\t<\/div>\n\t\t\t\t\t<\/div>\n\t\t<\/div>\n\t\t\t\t<div class=\"elementor-column elementor-col-16 elementor-top-column elementor-element elementor-element-75850a4 exad-glass-effect-no exad-sticky-section-no\" data-id=\"75850a4\" data-element_type=\"column\">\n\t\t\t<div class=\"elementor-widget-wrap\">\n\t\t\t\t\t\t\t<\/div>\n\t\t<\/div>\n\t\t\t\t\t<\/div>\n\t\t<\/section>\n\t\t\t\t<\/div>","protected":false},"excerpt":{"rendered":"<p>\u0627\u0635\u0644\u0627\u062d \u0627\u0644\u0645\u064a\u0632\u0627\u0646\u064a\u0629 \u0627\u0644\u0646\u0635\u0648\u0635 \u0627\u0644\u062a\u0634\u0631\u064a\u0639\u064a\u0629 \u0648\u0627\u0644\u062a\u0646\u0638\u064a\u0645\u064a\u0629 \u0627\u0644\u062f\u0644\u064a\u0644 \u0627\u0644\u0645\u0631\u062c\u0639\u064a \u0644\u0644\u0642\u0627\u0646\u0648\u0646 \u0627\u0644\u0639\u0636\u0648\u064a \u0644\u0642\u0648\u0627\u0646\u064a\u0646 \u0627\u0644\u0645\u0627\u0644\u064a\u0629 \u0627\u0644\u0645\u0633\u0627\u0647\u0645\u0627\u062a \u0627\u0644\u0643\u062a\u0627\u0628\u064a\u0629 \u062d\u0648\u0644 \u0627\u0644\u0627\u0635\u0644\u0627\u062d \u0627\u0644\u0645\u064a\u0632\u0627\u0646\u064a\u0627\u062a\u064a \u0627\u0644\u0645\u062f\u0627\u062e\u0644\u0627\u062a \u062d\u0648\u0644 \u0627\u0644\u0645\u0642\u0627\u0631\u0628\u0629 \u0627\u0644\u062c\u062f\u064a\u062f\u0629 \u0644\u062a\u0633\u064a\u064a\u0631 \u0627\u0644\u0645\u064a\u0632\u0627\u0646\u064a\u0629<\/p>","protected":false},"author":1,"featured_media":0,"parent":0,"menu_order":49,"comment_status":"closed","ping_status":"closed","template":"elementor_header_footer","meta":{"footnotes":""},"class_list":["post-18019","page","type-page","status-publish","hentry"],"rttpg_featured_image_url":null,"rttpg_author":{"display_name":"Fai\u00e7al HIMA","author_link":"https:\/\/www.univ-eloued.dz\/fr\/author\/faical\/"},"rttpg_comment":0,"rttpg_category":null,"rttpg_excerpt":"\u0627\u0635\u0644\u0627\u062d \u0627\u0644\u0645\u064a\u0632\u0627\u0646\u064a\u0629 \u0627\u0644\u0646\u0635\u0648\u0635 \u0627\u0644\u062a\u0634\u0631\u064a\u0639\u064a\u0629 \u0648\u0627\u0644\u062a\u0646\u0638\u064a\u0645\u064a\u0629 \u0627\u0644\u062f\u0644\u064a\u0644 \u0627\u0644\u0645\u0631\u062c\u0639\u064a \u0644\u0644\u0642\u0627\u0646\u0648\u0646 \u0627\u0644\u0639\u0636\u0648\u064a \u0644\u0642\u0648\u0627\u0646\u064a\u0646 \u0627\u0644\u0645\u0627\u0644\u064a\u0629 \u0627\u0644\u0645\u0633\u0627\u0647\u0645\u0627\u062a \u0627\u0644\u0643\u062a\u0627\u0628\u064a\u0629 \u062d\u0648\u0644 \u0627\u0644\u0627\u0635\u0644\u0627\u062d \u0627\u0644\u0645\u064a\u0632\u0627\u0646\u064a\u0627\u062a\u064a \u0627\u0644\u0645\u062f\u0627\u062e\u0644\u0627\u062a \u062d\u0648\u0644 \u0627\u0644\u0645\u0642\u0627\u0631\u0628\u0629 \u0627\u0644\u062c\u062f\u064a\u062f\u0629 \u0644\u062a\u0633\u064a\u064a\u0631 \u0627\u0644\u0645\u064a\u0632\u0627\u0646\u064a\u0629","_links":{"self":[{"href":"https:\/\/www.univ-eloued.dz\/fr\/wp-json\/wp\/v2\/pages\/18019","targetHints":{"allow":["GET"]}}],"collection":[{"href":"https:\/\/www.univ-eloued.dz\/fr\/wp-json\/wp\/v2\/pages"}],"about":[{"href":"https:\/\/www.univ-eloued.dz\/fr\/wp-json\/wp\/v2\/types\/page"}],"author":[{"embeddable":true,"href":"https:\/\/www.univ-eloued.dz\/fr\/wp-json\/wp\/v2\/users\/1"}],"replies":[{"embeddable":true,"href":"https:\/\/www.univ-eloued.dz\/fr\/wp-json\/wp\/v2\/comments?post=18019"}],"version-history":[{"count":0,"href":"https:\/\/www.univ-eloued.dz\/fr\/wp-json\/wp\/v2\/pages\/18019\/revisions"}],"wp:attachment":[{"href":"https:\/\/www.univ-eloued.dz\/fr\/wp-json\/wp\/v2\/media?parent=18019"}],"curies":[{"name":"wp","href":"https:\/\/api.w.org\/{rel}","templated":true}]}}