{"id":1101,"date":"2021-08-16T09:27:45","date_gmt":"2021-08-16T08:27:45","guid":{"rendered":"https:\/\/www.univ-eloued.dz\/ar\/?page_id=1101"},"modified":"2024-09-18T17:07:10","modified_gmt":"2024-09-18T16:07:10","slug":"soci_serv","status":"publish","type":"page","link":"https:\/\/www.univ-eloued.dz\/fr\/soci_serv\/","title":{"rendered":"\u0152uvres sociales"},"content":{"rendered":"<div data-elementor-type=\"wp-page\" data-elementor-id=\"1101\" class=\"elementor elementor-1101\" data-elementor-post-type=\"page\">\n\t\t\t\t\t\t<section class=\"elementor-section elementor-top-section elementor-element elementor-element-9445b07 elementor-section-boxed elementor-section-height-default elementor-section-height-default exad-glass-effect-no exad-sticky-section-no\" data-id=\"9445b07\" data-element_type=\"section\" data-settings=\"{&quot;ekit_has_onepagescroll_dot&quot;:&quot;yes&quot;}\">\n\t\t\t\t\t\t<div class=\"elementor-container elementor-column-gap-default\">\n\t\t\t\t\t<div class=\"elementor-column elementor-col-100 elementor-top-column elementor-element elementor-element-048f204 exad-glass-effect-no exad-sticky-section-no\" data-id=\"048f204\" data-element_type=\"column\">\n\t\t\t<div class=\"elementor-widget-wrap elementor-element-populated\">\n\t\t\t\t\t\t<div class=\"elementor-element elementor-element-e1eb1ce exad-sticky-section-no exad-glass-effect-no elementor-widget elementor-widget-text-editor\" data-id=\"e1eb1ce\" data-element_type=\"widget\" data-settings=\"{&quot;ekit_we_effect_on&quot;:&quot;none&quot;}\" data-widget_type=\"text-editor.default\">\n\t\t\t\t<div class=\"elementor-widget-container\">\n\t\t\t\t\t\t\t\t\t<p style=\"text-align: center;\"><span style=\"font-size: 48px; color: #061257;\">\u0152uvres sociales<\/span><\/p>\t\t\t\t\t\t\t\t<\/div>\n\t\t\t\t<\/div>\n\t\t\t\t\t<\/div>\n\t\t<\/div>\n\t\t\t\t\t<\/div>\n\t\t<\/section>\n\t\t\t\t<section class=\"elementor-section elementor-top-section elementor-element elementor-element-c8871b4 elementor-section-boxed elementor-section-height-default elementor-section-height-default exad-glass-effect-no exad-sticky-section-no\" data-id=\"c8871b4\" data-element_type=\"section\" data-settings=\"{&quot;ekit_has_onepagescroll_dot&quot;:&quot;yes&quot;}\">\n\t\t\t\t\t\t<div class=\"elementor-container elementor-column-gap-default\">\n\t\t\t\t\t<div class=\"elementor-column elementor-col-50 elementor-top-column elementor-element elementor-element-714d978 exad-glass-effect-no exad-sticky-section-no\" data-id=\"714d978\" data-element_type=\"column\">\n\t\t\t<div class=\"elementor-widget-wrap elementor-element-populated\">\n\t\t\t\t\t\t<div class=\"elementor-element elementor-element-6e5fe13 exad-sticky-section-no exad-glass-effect-no elementor-widget elementor-widget-text-editor\" data-id=\"6e5fe13\" data-element_type=\"widget\" data-settings=\"{&quot;ekit_we_effect_on&quot;:&quot;none&quot;}\" data-widget_type=\"text-editor.default\">\n\t\t\t\t<div class=\"elementor-widget-container\">\n\t\t\t\t\t\t\t\t\t<div class=\"entry-title-wrapper\"><div class=\"entry-title-wrapper\"><h4>\u00a0<\/h4><h4><span style=\"font-size: 20px; color: #c0965a;\"><strong><a style=\"color: #c0965a;\" href=\"https:\/\/www.univ-eloued.dz\/wp-content\/uploads\/2023\/10\/cc.pdf\">D\u00e9claration honorifique pour services<\/a><\/strong><\/span><\/h4><h4><span style=\"font-size: 20px; color: #c0965a;\"><strong><a style=\"color: #c0965a;\" href=\"https:\/\/docs.google.com\/forms\/d\/e\/1FAIpQLSenbefzv-mlSoueO6YZ4nCiUG_WNKlrnKiy9C7AT9DJ-WVamg\/viewform?pli=1\" target=\"_blank\" rel=\"noopener\"> Lien pour inscrire les honneurs pour les \u00e9tudiants exceptionnels (services sociaux)<\/a><\/strong><\/span><\/h4><\/div><h4 class=\"entry-title\">\u00a0<\/h4><\/div>\t\t\t\t\t\t\t\t<\/div>\n\t\t\t\t<\/div>\n\t\t\t\t\t<\/div>\n\t\t<\/div>\n\t\t\t\t<div class=\"elementor-column elementor-col-50 elementor-top-column elementor-element elementor-element-5111e4d exad-glass-effect-no exad-sticky-section-no\" data-id=\"5111e4d\" data-element_type=\"column\">\n\t\t\t<div class=\"elementor-widget-wrap elementor-element-populated\">\n\t\t\t\t\t\t<div class=\"elementor-element elementor-element-c8ae153 elementor-widget__width-initial meta-visibility-show title_position_default title_hover_border_default title-default meta_position_default tpg-el-box-border-enable tpg-border-bottom-disable exad-sticky-section-no exad-glass-effect-no elementor-widget elementor-widget-tpg-grid-layout\" data-id=\"c8ae153\" data-element_type=\"widget\" data-settings=\"{&quot;ekit_we_effect_on&quot;:&quot;none&quot;}\" data-widget_type=\"tpg-grid-layout.default\">\n\t\t\t\t<div class=\"elementor-widget-container\">\n\t\t\t\t\t\t\t<div class=\"rt-container-fluid rt-tpg-container tpg-el-main-wrapper clearfix grid-layout1-main\"\n\t\t\t id=\"rt-tpg-container-989730927\"\n\t\t\t data-layout=\"grid-layout1\"\n\t\t\t data-grid-style=\"tpg-full-height\"\n\t\t\t data-sc-id=\"elementor\"\n\t\t\t data-el-settings=''\n\t\t\t data-el-query=''\n\t\t\t data-el-path=''\n\t\t>\n\t\t\t\t\t\t<div class='tpg-header-wrapper'>\n\t\t\t\t\t\t\t<\/div>\n\n\t\t\t<div data-title=\"Loading ...\" class=\"rt-row rt-content-loader grid-layout1 grid-behaviour tpg-full-height grid_layout_wrapper\">\n\t\t\t\t<div class=\"rt-col-md-12 rt-col-sm-6 rt-col-xs-12 default rt-grid-item post-54978 post type-post status-publish format-standard hentry category-6 category-57 tag-university-of-eloued tag-3690\"\t\tdata-id=\"54978\">\n\t<div class=\"rt-holder tpg-post-holder\">\n\t\t<div class=\"rt-detail rt-el-content-wrapper\">\n\t\t\t\n\t\t\t<div class=\"entry-title-wrapper\"><h4 class=\"entry-title\"><a data-id=\"54978\" href=\"https:\/\/www.univ-eloued.dz\/fr\/consu_012026_ss\/\" class=\"tpg-post-link\" target=\"_self\">\u0625\u0639\u0644\u0627\u0646 \u0639\u0646 \u0645\u0646\u062d \u0645\u0624\u0642\u062a \u0644\u0644\u0627\u0633\u062a\u0634\u0627\u0631\u0629 : 2026\/01  \u0627\u0644\u062e\u0627\u0635\u0629 \u0628\u0627\u0644\u062e\u062f\u0645\u0627\u062a \u0627\u0644\u0625\u062c\u062a\u0645\u0627\u0639\u064a\u0629<\/a><\/h4><\/div>\n\t\t\t\t\t\t\t<div class=\"post-meta-tags rt-el-post-meta\">\n\t\t\t\t\t            <span class='date'>\n\t\t\t\t<i class='far fa-calendar-alt'><\/i>\t\t\t\t                    <a href=\"https:\/\/www.univ-eloued.dz\/fr\/2026\/03\/19\/\">\n\t\t\t\t\tmars 19, 2026\t\t\t\t<\/a>\n\t\t\t\t\t\t\t<\/span>\n\t\t\t\t\t\t\t<\/div>\n\t\t\t\n\n\t\t\t\n\t\t\t\t\t<\/div>\n\t<\/div>\n<\/div>\n<div class=\"rt-col-md-12 rt-col-sm-6 rt-col-xs-12 default rt-grid-item post-54401 post type-post status-publish format-standard hentry category-57 tag-university-of-eloued tag-3518\"\t\tdata-id=\"54401\">\n\t<div class=\"rt-holder tpg-post-holder\">\n\t\t<div class=\"rt-detail rt-el-content-wrapper\">\n\t\t\t\n\t\t\t<div class=\"entry-title-wrapper\"><h4 class=\"entry-title\"><a data-id=\"54401\" href=\"https:\/\/www.univ-eloued.dz\/fr\/%d8%a5%d8%b9%d9%80%d9%80%d9%80%d9%80%d9%80%d9%84%d8%a7%d9%86-%d8%b9%d9%86-%d8%a5%d8%ac%d9%80%d9%80%d9%80%d9%80%d8%b1%d8%a7%d8%a1-%d8%a7%d8%b3%d8%aa%d8%b4%d9%80%d9%80%d9%80%d9%80%d9%80%d8%a7%d8%b1\/\" class=\"tpg-post-link\" target=\"_self\">\u0625\u0639\u0640\u0640\u0640\u0640\u0640\u0644\u0627\u0646 \u0639\u0646 \u0625\u062c\u0640\u0640\u0640\u0640\u0631\u0627\u0621 \u0627\u0633\u062a\u0634\u0640\u0640\u0640\u0640\u0640\u0627\u0631\u0629 \u0631\u0642\u0640\u0640\u0640\u0645: 2026\/01 \u0627\u0644\u0645\u062a\u0639\u0644\u0642\u0629 \u0628\u062d\u062c\u0632 \u0641\u0646\u0627\u062f\u0642 \u0628\u0627\u0633\u0637\u0646\u0628\u0648\u0644 \u0628\u062a\u0631\u0643\u064a\u0627 \u062e\u0644\u0627\u0644  \u0627\u0644\u0641\u062a\u0631\u0629 \u0627\u0644\u0645\u0645\u062a\u062f\u0629 \u0628\u064a\u06462026\/08\/01 \u0648 2026\/08\/10 \u0644\u0641\u0627\u0626\u062f\u0629 \u0645\u0633\u062a\u062e\u062f\u0645\u064a \u062c\u0627\u0645\u0639\u0629 \u0627\u0644\u0634\u0647\u064a\u062f \u062d\u0645\u0647 \u0644\u062e\u0638\u0631 \u2013 \u0627\u0644\u0648\u0627\u062f\u064a<\/a><\/h4><\/div>\n\t\t\t\t\t\t\t<div class=\"post-meta-tags rt-el-post-meta\">\n\t\t\t\t\t            <span class='date'>\n\t\t\t\t<i class='far fa-calendar-alt'><\/i>\t\t\t\t                    <a href=\"https:\/\/www.univ-eloued.dz\/fr\/2026\/03\/08\/\">\n\t\t\t\t\tmars 8, 2026\t\t\t\t<\/a>\n\t\t\t\t\t\t\t<\/span>\n\t\t\t\t\t\t\t<\/div>\n\t\t\t\n\n\t\t\t\n\t\t\t\t\t<\/div>\n\t<\/div>\n<\/div>\n<div class=\"rt-col-md-12 rt-col-sm-6 rt-col-xs-12 default rt-grid-item post-52348 post type-post status-publish format-standard hentry category-6 category-57 tag-100------ tag-university-of-eloued tag-unversite-deloued tag-38\"\t\tdata-id=\"52348\">\n\t<div class=\"rt-holder tpg-post-holder\">\n\t\t<div class=\"rt-detail rt-el-content-wrapper\">\n\t\t\t\n\t\t\t<div class=\"entry-title-wrapper\"><h4 class=\"entry-title\"><a data-id=\"52348\" href=\"https:\/\/www.univ-eloued.dz\/fr\/omra2026\/\" class=\"tpg-post-link\" target=\"_self\">100 \u0639\u0645\u0631\u0629 \u0644\u0645\u0633\u062a\u062e\u062f\u0645\u064a \u062c\u0627\u0645\u0639\u0629 \u0627\u0644\u0634\u0647\u064a\u062f \u062d\u0645\u0647 \u0644\u062e\u0636\u0631<\/a><\/h4><\/div>\n\t\t\t\t\t\t\t<div class=\"post-meta-tags rt-el-post-meta\">\n\t\t\t\t\t            <span class='date'>\n\t\t\t\t<i class='far fa-calendar-alt'><\/i>\t\t\t\t                    <a href=\"https:\/\/www.univ-eloued.dz\/fr\/2025\/12\/07\/\">\n\t\t\t\t\td\u00e9cembre 7, 2025\t\t\t\t<\/a>\n\t\t\t\t\t\t\t<\/span>\n\t\t\t\t\t\t\t<\/div>\n\t\t\t\n\n\t\t\t\n\t\t\t\t\t<\/div>\n\t<\/div>\n<\/div>\n<div class=\"rt-col-md-12 rt-col-sm-6 rt-col-xs-12 default rt-grid-item post-50692 post type-post status-publish format-standard hentry category-6 category-57 tag-university-of-eloued tag-unversite-deloued tag------03-2025-- tag-38\"\t\tdata-id=\"50692\">\n\t<div class=\"rt-holder tpg-post-holder\">\n\t\t<div class=\"rt-detail rt-el-content-wrapper\">\n\t\t\t\n\t\t\t<div class=\"entry-title-wrapper\"><h4 class=\"entry-title\"><a data-id=\"50692\" href=\"https:\/\/www.univ-eloued.dz\/fr\/vac2025\/\" class=\"tpg-post-link\" target=\"_self\">\u0625\u0639\u0644\u0627\u0646 \u0639\u0646 \u0627\u062c\u0631\u0627\u0621 \u0627\u0633\u062a\u0634\u0627\u0631\u0629 \u0631\u0642\u0645 04 \/ 2025 \u062a\u0646\u0638\u064a\u0645 \u0631\u062d\u0644\u0627\u062a \u0634\u062a\u0648\u064a\u0629 \u062f\u0627\u062e\u0644 \u0648\u062e\u0627\u0631\u062c \u0627\u0644\u0648\u0637\u0646 \u062e\u0644\u0627\u0644 \u0639\u0637\u0644\u0629 \u062f\u064a\u0633\u0645\u0628\u0631 2025 \u0644\u0641\u0627\u0626\u062f\u0629 \u0645\u0633\u062a\u062e\u062f\u0645\u064a \u062c\u0627\u0645\u0639\u0629 \u0627\u0644\u0634\u0647\u064a\u062f \u062d\u0645\u0647 \u0644\u062e\u0636\u0631 \u0628\u0627\u0644\u0648\u0627\u062f\u064a<\/a><\/h4><\/div>\n\t\t\t\t\t\t\t<div class=\"post-meta-tags rt-el-post-meta\">\n\t\t\t\t\t            <span class='date'>\n\t\t\t\t<i class='far fa-calendar-alt'><\/i>\t\t\t\t                    <a href=\"https:\/\/www.univ-eloued.dz\/fr\/2025\/11\/16\/\">\n\t\t\t\t\tnovembre 16, 2025\t\t\t\t<\/a>\n\t\t\t\t\t\t\t<\/span>\n\t\t\t\t\t\t\t<\/div>\n\t\t\t\n\n\t\t\t\n\t\t\t\t\t<\/div>\n\t<\/div>\n<\/div>\n<div class=\"rt-col-md-12 rt-col-sm-6 rt-col-xs-12 default rt-grid-item post-49011 post type-post status-publish format-standard hentry category-6 category-57 tag------03-2025-- tag-1598 tag-38 tag-1577 tag-1463\"\t\tdata-id=\"49011\">\n\t<div class=\"rt-holder tpg-post-holder\">\n\t\t<div class=\"rt-detail rt-el-content-wrapper\">\n\t\t\t\n\t\t\t<div class=\"entry-title-wrapper\"><h4 class=\"entry-title\"><a data-id=\"49011\" href=\"https:\/\/www.univ-eloued.dz\/fr\/atelier-de-formation-gagnants-de-la-loterie-de-la-omra\/\" class=\"tpg-post-link\" target=\"_self\">\u0625\u0639\u0644\u0627\u0646 \u0639\u0646 \u0645\u0646\u062d \u0645\u0624\u0642\u062a \u0644\u0644\u0627\u0633\u062a\u0634\u0627\u0631\u0629 03 \/ 2025 \u0627\u0644\u062e\u0627\u0635\u0629 \u0628\u0627\u0644\u062e\u062f\u0645\u0627\u062a \u0627\u0644\u0625\u062c\u062a\u0645\u0627\u0639\u064a\u0629  \u062c\u0627\u0645\u0639\u0629 \u0627\u0644\u0634\u0647\u064a\u062f \u062d\u0645\u0647 \u0644\u062e\u0636\u0631 \u0628\u0627\u0644\u0648\u0627\u062f\u064a<\/a><\/h4><\/div>\n\t\t\t\t\t\t\t<div class=\"post-meta-tags rt-el-post-meta\">\n\t\t\t\t\t            <span class='date'>\n\t\t\t\t<i class='far fa-calendar-alt'><\/i>\t\t\t\t                    <a href=\"https:\/\/www.univ-eloued.dz\/fr\/2025\/10\/01\/\">\n\t\t\t\t\toctobre 1, 2025\t\t\t\t<\/a>\n\t\t\t\t\t\t\t<\/span>\n\t\t\t\t\t\t\t<\/div>\n\t\t\t\n\n\t\t\t\n\t\t\t\t\t<\/div>\n\t<\/div>\n<\/div>\n\t\t\t<\/div>\n\t\t\t\n\t\t<\/div>\n\t\t\t\t\t\t<\/div>\n\t\t\t\t<\/div>\n\t\t\t\t\t<\/div>\n\t\t<\/div>\n\t\t\t\t\t<\/div>\n\t\t<\/section>\n\t\t\t\t<section class=\"elementor-section elementor-top-section elementor-element elementor-element-22c93ec elementor-section-boxed elementor-section-height-default elementor-section-height-default exad-glass-effect-no exad-sticky-section-no\" data-id=\"22c93ec\" data-element_type=\"section\" data-settings=\"{&quot;ekit_has_onepagescroll_dot&quot;:&quot;yes&quot;}\">\n\t\t\t\t\t\t<div class=\"elementor-container elementor-column-gap-default\">\n\t\t\t\t\t<div class=\"elementor-column elementor-col-100 elementor-top-column elementor-element elementor-element-139dd07 exad-glass-effect-no exad-sticky-section-no\" data-id=\"139dd07\" data-element_type=\"column\">\n\t\t\t<div class=\"elementor-widget-wrap elementor-element-populated\">\n\t\t\t\t\t\t<div class=\"elementor-element elementor-element-a0d1608 exad-sticky-section-no exad-glass-effect-no elementor-widget elementor-widget-text-editor\" data-id=\"a0d1608\" data-element_type=\"widget\" data-settings=\"{&quot;ekit_we_effect_on&quot;:&quot;none&quot;}\" data-widget_type=\"text-editor.default\">\n\t\t\t\t<div class=\"elementor-widget-container\">\n\t\t\t\t\t\t\t\t\t<div class=\"entry-title-wrapper\"><div class=\"entry-title-wrapper\"><h4>\u00a0<\/h4><h4 style=\"text-align: center;\"><a href=\"https:\/\/www.univ-eloued.dz\/wp-content\/uploads\/2024\/09\/\u0627\u0644\u0628\u0631\u0646\u0627\u0645\u062c-\u0627\u0644\u0639\u0627\u0645-\u0644\u0644\u062e\u062f\u0645\u0627\u062a-\u0648-\u0627\u0644\u0628\u0631\u0646\u0627\u0645\u062c-\u0627\u0644\u0645\u0639\u062f\u0644-\u0633\u0646\u0629-2023.pdf\"><span style=\"color: #c0965a;\"><span style=\"font-size: 20px;\">Le programme g\u00e9n\u00e9ral qui d\u00e9finit la gestion du comit\u00e9 <\/span><span style=\"font-size: 20px;\">\u0152uvres sociales<\/span><\/span><\/a><\/h4><\/div><h4 class=\"entry-title\">\u00a0<\/h4><\/div>\t\t\t\t\t\t\t\t<\/div>\n\t\t\t\t<\/div>\n\t\t\t\t\t<\/div>\n\t\t<\/div>\n\t\t\t\t\t<\/div>\n\t\t<\/section>\n\t\t\t\t<\/div>","protected":false},"excerpt":{"rendered":"<p>Services sociaux Une d\u00e9claration honorifique pour services Un lien pour inscrire les honneurs pour ceux qui ont excell\u00e9 dans les \u00e9tudes (services sociaux) Le programme d&#039;\u00e9t\u00e9 du Comit\u00e9 des services sociaux (offre familiale) 20 juin 2024 Offres du Comit\u00e9 des services \u00e0 l&#039;occasion de l&#039;A\u00efd al- Adha 26 mai 2024 Annonce d&#039;ouverture d&#039;un cours \u00e0 temp\u00e9rament d\u00e9cembre 2023 10 d\u00e9cembre 2023 Annonce concernant les voyages d&#039;\u00e9t\u00e9 11 juin 2023 Annonce concernant l&#039;A\u00efd Al-Adha 11 juin 2023 Le programme g\u00e9n\u00e9ral qui d\u00e9termine la gestion du Comit\u00e9 des Services Sociaux \u00a0<\/p>","protected":false},"author":1,"featured_media":0,"parent":0,"menu_order":101,"comment_status":"closed","ping_status":"closed","template":"elementor_header_footer","meta":{"footnotes":""},"class_list":["post-1101","page","type-page","status-publish","hentry"],"rttpg_featured_image_url":null,"rttpg_author":{"display_name":"Fai\u00e7al HIMA","author_link":"https:\/\/www.univ-eloued.dz\/fr\/author\/faical\/"},"rttpg_comment":0,"rttpg_category":"","rttpg_excerpt":"\u0627\u0644\u062e\u062f\u0645\u0627\u062a \u0627\u0644\u0625\u062c\u062a\u0645\u0627\u0639\u064a\u0629 \u00a0 \u062a\u0635\u0631\u064a\u062d \u0634\u0631\u0641\u064a \u062e\u0627\u0635 \u0628\u0627\u0644\u062e\u062f\u0645\u0627\u062a \u0631\u0627\u0628\u0637 \u062a\u0633\u062c\u064a\u0644 \u062a\u0643\u0631\u064a\u0645\u0627\u062a \u0627\u0644\u0645\u062a\u0641\u0648\u0642\u064a\u0646 \u0641\u064a \u0627\u0644\u062f\u0631\u0627\u0633\u0629 (\u0627\u0644\u062e\u062f\u0645\u0627\u062a \u0627\u0644\u0625\u062c\u062a\u0645\u0627\u0639\u064a\u0629) \u00a0 \u0627\u0644\u0628\u0631\u0646\u0627\u0645\u062c \u0627\u0644\u0635\u064a\u0641\u064a \u0644\u0644\u062c\u0646\u0629 \u0627\u0644\u062e\u062f\u0645\u0627\u062a \u0627\u0644\u0625\u062c\u062a\u0645\u0627\u0639\u064a\u0629 (\u0627\u0644\u0639\u0631\u0636 \u0627\u0644\u0639\u0627\u0626\u0644\u064a) \u064a\u0648\u0646\u064a\u0648 20, 2024 \u0639\u0631\u0648\u0636 \u0644\u062c\u0646\u0629 \u0627\u0644\u062e\u062f\u0645\u0627\u062a \u0628\u0645\u0646\u0627\u0633\u0628\u0629 \u0639\u064a\u062f \u0627\u0644\u0623\u0636\u062d\u0649 \u0627\u0644\u0645\u0628\u0627\u0631\u0643 \u0645\u0627\u064a\u0648 26, 2024 \u0625\u0639\u0644\u0627\u0646 \u0639\u0646 \u0641\u062a\u062d \u062f\u0648\u0631\u0629 \u062a\u0642\u0633\u064a\u0637 \u062f\u064a\u0633\u0645\u0628\u0631 2023 \u062f\u064a\u0633\u0645\u0628\u0631 10, 2023 \u0627\u0639\u0644\u0627\u0646 \u0628\u062e\u0635\u0648\u0635 \u0627\u0644\u0631\u062d\u0644\u0627\u062a \u0627\u0644\u0635\u064a\u0641\u064a\u0629 \u064a\u0648\u0646\u064a\u0648 11, 2023 \u0627\u0639\u0644\u0627\u0646 \u0628\u062e\u0635\u0648\u0635\u2026","_links":{"self":[{"href":"https:\/\/www.univ-eloued.dz\/fr\/wp-json\/wp\/v2\/pages\/1101","targetHints":{"allow":["GET"]}}],"collection":[{"href":"https:\/\/www.univ-eloued.dz\/fr\/wp-json\/wp\/v2\/pages"}],"about":[{"href":"https:\/\/www.univ-eloued.dz\/fr\/wp-json\/wp\/v2\/types\/page"}],"author":[{"embeddable":true,"href":"https:\/\/www.univ-eloued.dz\/fr\/wp-json\/wp\/v2\/users\/1"}],"replies":[{"embeddable":true,"href":"https:\/\/www.univ-eloued.dz\/fr\/wp-json\/wp\/v2\/comments?post=1101"}],"version-history":[{"count":3,"href":"https:\/\/www.univ-eloued.dz\/fr\/wp-json\/wp\/v2\/pages\/1101\/revisions"}],"predecessor-version":[{"id":38189,"href":"https:\/\/www.univ-eloued.dz\/fr\/wp-json\/wp\/v2\/pages\/1101\/revisions\/38189"}],"wp:attachment":[{"href":"https:\/\/www.univ-eloued.dz\/fr\/wp-json\/wp\/v2\/media?parent=1101"}],"curies":[{"name":"wp","href":"https:\/\/api.w.org\/{rel}","templated":true}]}}