{"id":9407,"date":"2022-06-14T13:29:33","date_gmt":"2022-06-14T12:29:33","guid":{"rendered":"https:\/\/www.univ-eloued.dz\/?page_id=9407"},"modified":"2024-02-29T14:17:52","modified_gmt":"2024-02-29T13:17:52","slug":"lart","status":"publish","type":"page","link":"https:\/\/www.univ-eloued.dz\/ar\/lart\/","title":{"rendered":"\u0627\u0644\u0646\u0635\u0648\u0635 \u0627\u0644\u062a\u0634\u0631\u064a\u0639\u064a\u0629 \u0648\u0627\u0644\u062a\u0646\u0638\u064a\u0645\u064a\u0629 \u0644\u0627\u0635\u0644\u0627\u062d \u0627\u0644\u0645\u064a\u0632\u0627\u0646\u064a\u0629"},"content":{"rendered":"\t\t<div data-elementor-type=\"wp-page\" data-elementor-id=\"9407\" class=\"elementor elementor-9407\" data-elementor-post-type=\"page\">\n\t\t\t\t\t\t<section class=\"elementor-section elementor-top-section elementor-element elementor-element-16685d5a elementor-section-boxed elementor-section-height-default elementor-section-height-default exad-glass-effect-no exad-sticky-section-no\" data-id=\"16685d5a\" data-element_type=\"section\" data-settings=\"{&quot;ekit_has_onepagescroll_dot&quot;:&quot;yes&quot;}\">\n\t\t\t\t\t\t<div class=\"elementor-container elementor-column-gap-default\">\n\t\t\t\t\t<div class=\"elementor-column elementor-col-100 elementor-top-column elementor-element elementor-element-5def88a1 exad-glass-effect-no exad-sticky-section-no\" data-id=\"5def88a1\" data-element_type=\"column\">\n\t\t\t<div class=\"elementor-widget-wrap elementor-element-populated\">\n\t\t\t\t\t\t<div class=\"elementor-element elementor-element-cd38643 exad-sticky-section-no exad-glass-effect-no elementor-widget elementor-widget-text-editor\" data-id=\"cd38643\" data-element_type=\"widget\" data-settings=\"{&quot;ekit_we_effect_on&quot;:&quot;none&quot;}\" data-widget_type=\"text-editor.default\">\n\t\t\t\t<div class=\"elementor-widget-container\">\n\t\t\t\t\t\t\t\t\t<p style=\"text-align: center;\"><span style=\"color: #ff0000;\"><strong>\u0627\u0644\u0646\u0635\u0648\u0635 \u0627\u0644\u062a\u0634\u0631\u064a\u0639\u064a\u0629 \u0648\u0627\u0644\u062a\u0646\u0638\u064a\u0645\u064a\u0629<\/strong><\/span><\/p>\t\t\t\t\t\t\t\t<\/div>\n\t\t\t\t<\/div>\n\t\t\t\t\t<\/div>\n\t\t<\/div>\n\t\t\t\t\t<\/div>\n\t\t<\/section>\n\t\t\t\t<section class=\"elementor-section elementor-top-section elementor-element elementor-element-ce3c303 elementor-section-full_width elementor-section-height-default elementor-section-height-default exad-glass-effect-no exad-sticky-section-no\" data-id=\"ce3c303\" data-element_type=\"section\" data-settings=\"{&quot;ekit_has_onepagescroll_dot&quot;:&quot;yes&quot;}\">\n\t\t\t\t\t\t<div class=\"elementor-container elementor-column-gap-default\">\n\t\t\t\t\t<div class=\"elementor-column elementor-col-20 elementor-top-column elementor-element elementor-element-cdca3e6 exad-glass-effect-no exad-sticky-section-no\" data-id=\"cdca3e6\" data-element_type=\"column\">\n\t\t\t<div class=\"elementor-widget-wrap\">\n\t\t\t\t\t\t\t<\/div>\n\t\t<\/div>\n\t\t\t\t<div class=\"elementor-column elementor-col-20 elementor-top-column elementor-element elementor-element-b97f8b7 exad-glass-effect-no exad-sticky-section-no\" data-id=\"b97f8b7\" data-element_type=\"column\">\n\t\t\t<div class=\"elementor-widget-wrap\">\n\t\t\t\t\t\t\t<\/div>\n\t\t<\/div>\n\t\t\t\t<div class=\"elementor-column elementor-col-20 elementor-top-column elementor-element elementor-element-57f2404 exad-glass-effect-no exad-sticky-section-no\" data-id=\"57f2404\" data-element_type=\"column\">\n\t\t\t<div class=\"elementor-widget-wrap\">\n\t\t\t\t\t\t\t<\/div>\n\t\t<\/div>\n\t\t\t\t<div class=\"elementor-column elementor-col-20 elementor-top-column elementor-element elementor-element-9b93fad exad-glass-effect-no exad-sticky-section-no\" data-id=\"9b93fad\" data-element_type=\"column\">\n\t\t\t<div class=\"elementor-widget-wrap\">\n\t\t\t\t\t\t\t<\/div>\n\t\t<\/div>\n\t\t\t\t<div class=\"elementor-column elementor-col-20 elementor-top-column elementor-element elementor-element-aef8c1c exad-glass-effect-no exad-sticky-section-no\" data-id=\"aef8c1c\" data-element_type=\"column\">\n\t\t\t<div class=\"elementor-widget-wrap\">\n\t\t\t\t\t\t\t<\/div>\n\t\t<\/div>\n\t\t\t\t\t<\/div>\n\t\t<\/section>\n\t\t\t\t<section class=\"elementor-section elementor-top-section elementor-element elementor-element-0f8b3d7 elementor-section-full_width elementor-section-height-default elementor-section-height-default exad-glass-effect-no exad-sticky-section-no\" data-id=\"0f8b3d7\" data-element_type=\"section\" data-settings=\"{&quot;ekit_has_onepagescroll_dot&quot;:&quot;yes&quot;}\">\n\t\t\t\t\t\t<div class=\"elementor-container elementor-column-gap-default\">\n\t\t\t\t\t<div class=\"elementor-column elementor-col-33 elementor-top-column elementor-element elementor-element-6051e66 exad-glass-effect-no exad-sticky-section-no\" data-id=\"6051e66\" data-element_type=\"column\">\n\t\t\t<div class=\"elementor-widget-wrap\">\n\t\t\t\t\t\t\t<\/div>\n\t\t<\/div>\n\t\t\t\t<div class=\"elementor-column elementor-col-33 elementor-top-column elementor-element elementor-element-2594beb exad-glass-effect-no exad-sticky-section-no\" data-id=\"2594beb\" data-element_type=\"column\">\n\t\t\t<div class=\"elementor-widget-wrap elementor-element-populated\">\n\t\t\t\t\t\t<div class=\"elementor-element elementor-element-6533b0e exad-sticky-section-no exad-glass-effect-no elementor-widget elementor-widget-text-editor\" data-id=\"6533b0e\" data-element_type=\"widget\" data-settings=\"{&quot;ekit_we_effect_on&quot;:&quot;none&quot;}\" data-widget_type=\"text-editor.default\">\n\t\t\t\t<div class=\"elementor-widget-container\">\n\t\t\t\t\t\t\t\t\t<p style=\"text-align: center;\"><a href=\"https:\/\/www.univ-eloued.dz\/wp-content\/uploads\/PDF\/lart\/3-\u062a\u0639\u064a\u064a\u0646-\u0623\u0639\u0636\u0627\u0621\u0644\u062c\u0646\u0629-\u0627\u0644\u0645\u064a\u0632\u0627\u0646\u064a\u0629.pdf\"><span style=\"color: #008000;\"><strong>\u062a\u0639\u064a\u064a\u0646 \u0623\u0639\u0636\u0627\u0621 \u0644\u062c\u0646\u0629 \u0627\u0644\u0645\u064a\u0632\u0627\u0646\u064a\u0629<\/strong><\/span><\/a><\/p><p style=\"text-align: center;\"><a href=\"https:\/\/www.univ-eloued.dz\/wp-content\/uploads\/PDF\/lart\/4-\u0628\u0631\u0646\u0627\u0645\u062c-\u0639\u0645\u0644-\u0644\u062c\u0646\u0629-\u0627\u0644\u0645\u064a\u0632\u0627\u0646\u064a\u0629-\u0644\u0633\u0646\u0629-2022.pdf\"><span style=\"color: #008000;\"><strong>\u0628\u0631\u0646\u0627\u0645\u062c \u0639\u0645\u0644 \u0644\u062c\u0646\u0629 \u0627\u0644\u0645\u064a\u0632\u0627\u0646\u064a\u0629 \u0644\u0633\u0646\u0629 2022<\/strong><\/span><\/a><\/p><p style=\"text-align: center;\"><a href=\"https:\/\/www.univ-eloued.dz\/\/wp-content\/uploads\/PDF\/lart\/6-Etat-des-lieux-sur-la-mise-en-oeuvre-de-la-reforme-budgetaire.pdf\"><span style=\"color: #008000;\"><strong>Etat des lieux sur la mise en \u0153uvre de la r\u00e9forme budg\u00e9taire<\/strong><\/span><\/a><\/p><p style=\"text-align: center;\"><a href=\"https:\/\/www.univ-eloued.dz\/wp-content\/uploads\/PDF\/lart\/7-\u0627\u062a\u0637\u0628\u064a\u0642-\u0628\u0631\u0646\u0627\u0645\u062c-\u0644\u062c\u0646\u0629-\u0627\u0644\u0645\u064a\u0632\u0627\u0646\u064a\u0629-\u0628\u0639\u0646\u0648\u0627\u0646-2022.pdf\"><span style=\"color: #008000;\"><strong>\u062a\u0637\u0628\u064a\u0642 \u0628\u0631\u0646\u0627\u0645\u062c \u0644\u062c\u0646\u0629 \u0627\u0644\u0645\u064a\u0632\u0627\u0646\u064a\u0629 \u0628\u0639\u0646\u0648\u0627\u0646 2022<\/strong><\/span><\/a><\/p><p style=\"text-align: center;\"><a href=\"https:\/\/www.univ-eloued.dz\/wp-content\/uploads\/PDF\/lart\/8-\u0627\u0644\u0625\u0631\u0633\u0627\u0644-\u062a\u062d\u0636\u064a\u0631-\u0627\u0644\u0645\u0634\u0631\u0648\u0639-\u0627\u0644\u062a\u062c\u0631\u064a\u0628\u064a-\u0644\u0645\u064a\u0632\u0627\u0646\u064a\u0629-\u0645\u0624\u0633\u0633\u0629-\u0627\u0644\u062a\u0639\u0644\u064a\u0645-\u0627\u0644\u0639\u0627\u0644\u064a-\u0648-\u0627\u0644\u0628\u062d\u062b-\u0627\u0644\u0639\u0644\u0645\u064a.pdf\"><span style=\"color: #008000;\"><strong>\u00a0\u0627\u0644\u0625\u0631\u0633\u0627\u0644 \u062a\u062d\u0636\u064a\u0631 \u0627\u0644\u0645\u0634\u0631\u0648\u0639 \u0627\u0644\u062a\u062c\u0631\u064a\u0628\u064a \u0644\u0645\u064a\u0632\u0627\u0646\u064a\u0629 \u0645\u0624\u0633\u0633\u0629 \u0627\u0644\u062a\u0639\u0644\u064a\u0645 \u0627\u0644\u0639\u0627\u0644\u064a \u0648 \u0627\u0644\u0628\u062d\u062b \u0627\u0644\u0639\u0644\u0645\u064a<\/strong><\/span><\/a><\/p><p style=\"text-align: center;\"><a href=\"https:\/\/www.univ-eloued.dz\/wp-content\/uploads\/PDF\/lart\/\u0627\u0644\u0646\u0635\u0648\u0635-\u0627\u0644\u062a\u0646\u0638\u064a\u0645\u064a\u0629-\u0644\u0644\u0642\u0627\u0646\u0648\u0646-\u0627\u0644\u0639\u0636\u0648\u064a-15-18-\u0627\u0644\u0645\u062a\u0639\u0644\u0642-\u0628\u0642\u0648\u0627\u0646\u064a\u0646-\u0627\u0644\u0645\u0627\u0644\u064a\u0629-1.pdf\"><span style=\"color: #008000;\"><strong>\u0627\u0644\u0646\u0635\u0648\u0635 \u0627\u0644\u062a\u0646\u0638\u064a\u0645\u064a\u0629 \u0644\u0644\u0642\u0627\u0646\u0648\u0646 \u0627\u0644\u0639\u0636\u0648\u064a 15-18 \u0627\u0644\u0645\u062a\u0639\u0644\u0642 \u0628\u0642\u0648\u0627\u0646\u064a\u0646 \u0627\u0644\u0645\u0627\u0644\u064a\u0629<\/strong><\/span><\/a><\/p><p style=\"text-align: center;\"><a href=\"https:\/\/www.univ-eloued.dz\/wp-content\/uploads\/PDF\/lart\/\u062a\u0634\u0643\u064a\u0644-\u0644\u062c\u0646\u0629-\u0627\u0644\u0645\u064a\u0632\u0627\u0646\u064a\u0629-.pdf\"><span style=\"color: #008000;\"><strong>\u062a\u0634\u0643\u064a\u0644 \u0644\u062c\u0646\u0629 \u0627\u0644\u0645\u064a\u0632\u0627\u0646\u064a\u0629<\/strong><\/span><\/a><\/p><p style=\"text-align: center;\"><a href=\"https:\/\/www.univ-eloued.dz\/wp-content\/uploads\/PDF\/lart\/\u062a\u0637\u0628\u064a\u0642-\u0627\u0635\u0644\u0627\u062d-\u0627\u0644\u0645\u064a\u0632\u0627\u0646\u064a\u0629.pdf\"><span style=\"color: #008000;\"><strong>\u062a\u0637\u0628\u064a\u0642 \u0627\u0635\u0644\u0627\u062d \u0627\u0644\u0645\u064a\u0632\u0627\u0646\u064a\u0629<\/strong><\/span><\/a><\/p><p style=\"text-align: center;\"><a href=\"https:\/\/www.univ-eloued.dz\/wp-content\/uploads\/PDF\/lart\/\u0645\u0642\u0627\u0631\u0646\u0629-\u0645\u0627\u0628\u064a\u0646-84-17\u0648-18-15.pdf\"><span style=\"color: #008000;\"><strong>\u0645\u0642\u0627\u0631\u0646\u0629 \u0645\u0627\u0628\u064a\u0646 84-17\u0648 18-15<\/strong><\/span><\/a><\/p><div id=\"wrapper\" class=\"scheme_2\"><div id=\"main\" class=\"clearfix\"><div id=\"content\"><div id=\"maincontent\"><div class=\"item-page\"><div><p style=\"text-align: center;\"><a href=\"https:\/\/www.univ-eloued.dz\/wp-content\/uploads\/PDF\/lart\/\u0645\u0642\u0631\u0631-\u0644\u062c\u0646\u0629-\u0627\u0644\u0645\u064a\u0632\u0627\u0646\u064a\u0629.pdf\"><span style=\"color: #008000;\"><strong>\u0645\u0642\u0631\u0631 \u0644\u062c\u0646\u0629 \u0627\u0644\u0645\u064a\u0632\u0627\u0646\u064a\u0629<\/strong><\/span><\/a><\/p><\/div><\/div><\/div><\/div><\/div><\/div><div id=\"bottom\"><div id=\"modules-bottom\" class=\"m4 clearfix\"><div class=\"modules-bottom-in\"><div id=\"Mod209\" class=\"djmodule2 \">\u00a0<\/div><\/div><\/div><\/div>\t\t\t\t\t\t\t\t<\/div>\n\t\t\t\t<\/div>\n\t\t\t\t\t<\/div>\n\t\t<\/div>\n\t\t\t\t<div class=\"elementor-column elementor-col-33 elementor-top-column elementor-element elementor-element-19bc8ff exad-glass-effect-no exad-sticky-section-no\" data-id=\"19bc8ff\" data-element_type=\"column\">\n\t\t\t<div class=\"elementor-widget-wrap\">\n\t\t\t\t\t\t\t<\/div>\n\t\t<\/div>\n\t\t\t\t\t<\/div>\n\t\t<\/section>\n\t\t\t\t<\/div>\n\t\t","protected":false},"excerpt":{"rendered":"<p>\u0627\u0644\u0646\u0635\u0648\u0635 \u0627\u0644\u062a\u0634\u0631\u064a\u0639\u064a\u0629 \u0648\u0627\u0644\u062a\u0646\u0638\u064a\u0645\u064a\u0629 \u062a\u0639\u064a\u064a\u0646 \u0623\u0639\u0636\u0627\u0621 \u0644\u062c\u0646\u0629 \u0627\u0644\u0645\u064a\u0632\u0627\u0646\u064a\u0629 \u0628\u0631\u0646\u0627\u0645\u062c \u0639\u0645\u0644 \u0644\u062c\u0646\u0629 \u0627\u0644\u0645\u064a\u0632\u0627\u0646\u064a\u0629 \u0644\u0633\u0646\u0629 2022 Etat des lieux sur la mise en \u0153uvre de la r\u00e9forme budg\u00e9taire \u062a\u0637\u0628\u064a\u0642 \u0628\u0631\u0646\u0627\u0645\u062c \u0644\u062c\u0646\u0629 \u0627\u0644\u0645\u064a\u0632\u0627\u0646\u064a\u0629 \u0628\u0639\u0646\u0648\u0627\u0646 2022 \u00a0\u0627\u0644\u0625\u0631\u0633\u0627\u0644 \u062a\u062d\u0636\u064a\u0631 \u0627\u0644\u0645\u0634\u0631\u0648\u0639 \u0627\u0644\u062a\u062c\u0631\u064a\u0628\u064a \u0644\u0645\u064a\u0632\u0627\u0646\u064a\u0629 \u0645\u0624\u0633\u0633\u0629 \u0627\u0644\u062a\u0639\u0644\u064a\u0645 \u0627\u0644\u0639\u0627\u0644\u064a \u0648 \u0627\u0644\u0628\u062d\u062b \u0627\u0644\u0639\u0644\u0645\u064a \u0627\u0644\u0646\u0635\u0648\u0635 \u0627\u0644\u062a\u0646\u0638\u064a\u0645\u064a\u0629 \u0644\u0644\u0642\u0627\u0646\u0648\u0646 \u0627\u0644\u0639\u0636\u0648\u064a 15-18 \u0627\u0644\u0645\u062a\u0639\u0644\u0642 \u0628\u0642\u0648\u0627\u0646\u064a\u0646 \u0627\u0644\u0645\u0627\u0644\u064a\u0629 \u062a\u0634\u0643\u064a\u0644 \u0644\u062c\u0646\u0629 \u0627\u0644\u0645\u064a\u0632\u0627\u0646\u064a\u0629 \u062a\u0637\u0628\u064a\u0642 \u0627\u0635\u0644\u0627\u062d \u0627\u0644\u0645\u064a\u0632\u0627\u0646\u064a\u0629 \u0645\u0642\u0627\u0631\u0646\u0629 \u0645\u0627\u0628\u064a\u0646 84-17\u0648 18-15 \u0645\u0642\u0631\u0631 \u0644\u062c\u0646\u0629 \u0627\u0644\u0645\u064a\u0632\u0627\u0646\u064a\u0629 \u00a0<\/p>\n","protected":false},"author":1,"featured_media":0,"parent":0,"menu_order":31,"comment_status":"closed","ping_status":"closed","template":"elementor_header_footer","meta":{"footnotes":""},"class_list":["post-9407","page","type-page","status-publish","hentry"],"rttpg_featured_image_url":null,"rttpg_author":{"display_name":"Fai\u00e7al HIMA","author_link":"https:\/\/www.univ-eloued.dz\/ar\/author\/faical\/"},"rttpg_comment":0,"rttpg_category":null,"rttpg_excerpt":"\u0627\u0644\u0646\u0635\u0648\u0635 \u0627\u0644\u062a\u0634\u0631\u064a\u0639\u064a\u0629 \u0648\u0627\u0644\u062a\u0646\u0638\u064a\u0645\u064a\u0629 \u062a\u0639\u064a\u064a\u0646 \u0623\u0639\u0636\u0627\u0621 \u0644\u062c\u0646\u0629 \u0627\u0644\u0645\u064a\u0632\u0627\u0646\u064a\u0629 \u0628\u0631\u0646\u0627\u0645\u062c \u0639\u0645\u0644 \u0644\u062c\u0646\u0629 \u0627\u0644\u0645\u064a\u0632\u0627\u0646\u064a\u0629 \u0644\u0633\u0646\u0629 2022 Etat des lieux sur la mise en \u0153uvre de la r\u00e9forme budg\u00e9taire \u062a\u0637\u0628\u064a\u0642 \u0628\u0631\u0646\u0627\u0645\u062c \u0644\u062c\u0646\u0629 \u0627\u0644\u0645\u064a\u0632\u0627\u0646\u064a\u0629 \u0628\u0639\u0646\u0648\u0627\u0646 2022 \u00a0\u0627\u0644\u0625\u0631\u0633\u0627\u0644 \u062a\u062d\u0636\u064a\u0631 \u0627\u0644\u0645\u0634\u0631\u0648\u0639 \u0627\u0644\u062a\u062c\u0631\u064a\u0628\u064a \u0644\u0645\u064a\u0632\u0627\u0646\u064a\u0629 \u0645\u0624\u0633\u0633\u0629 \u0627\u0644\u062a\u0639\u0644\u064a\u0645 \u0627\u0644\u0639\u0627\u0644\u064a \u0648 \u0627\u0644\u0628\u062d\u062b \u0627\u0644\u0639\u0644\u0645\u064a \u0627\u0644\u0646\u0635\u0648\u0635 \u0627\u0644\u062a\u0646\u0638\u064a\u0645\u064a\u0629 \u0644\u0644\u0642\u0627\u0646\u0648\u0646 \u0627\u0644\u0639\u0636\u0648\u064a 15-18 \u0627\u0644\u0645\u062a\u0639\u0644\u0642 \u0628\u0642\u0648\u0627\u0646\u064a\u0646 \u0627\u0644\u0645\u0627\u0644\u064a\u0629 \u062a\u0634\u0643\u064a\u0644 \u0644\u062c\u0646\u0629 \u0627\u0644\u0645\u064a\u0632\u0627\u0646\u064a\u0629 \u062a\u0637\u0628\u064a\u0642 \u0627\u0635\u0644\u0627\u062d&hellip;","_links":{"self":[{"href":"https:\/\/www.univ-eloued.dz\/ar\/wp-json\/wp\/v2\/pages\/9407","targetHints":{"allow":["GET"]}}],"collection":[{"href":"https:\/\/www.univ-eloued.dz\/ar\/wp-json\/wp\/v2\/pages"}],"about":[{"href":"https:\/\/www.univ-eloued.dz\/ar\/wp-json\/wp\/v2\/types\/page"}],"author":[{"embeddable":true,"href":"https:\/\/www.univ-eloued.dz\/ar\/wp-json\/wp\/v2\/users\/1"}],"replies":[{"embeddable":true,"href":"https:\/\/www.univ-eloued.dz\/ar\/wp-json\/wp\/v2\/comments?post=9407"}],"version-history":[{"count":0,"href":"https:\/\/www.univ-eloued.dz\/ar\/wp-json\/wp\/v2\/pages\/9407\/revisions"}],"wp:attachment":[{"href":"https:\/\/www.univ-eloued.dz\/ar\/wp-json\/wp\/v2\/media?parent=9407"}],"curies":[{"name":"wp","href":"https:\/\/api.w.org\/{rel}","templated":true}]}}